{"id":2028,"date":"2022-11-21T19:39:10","date_gmt":"2022-11-21T19:39:10","guid":{"rendered":"https:\/\/bellonez.com\/?post_type=product&#038;p=2028"},"modified":"2022-12-18T21:32:44","modified_gmt":"2022-12-18T21:32:44","slug":"blazer-cuello-smoking","status":"publish","type":"product","link":"https:\/\/bellonez.com\/en\/product\/blazer-cuello-smoking\/","title":{"rendered":"Smoking Blazer"},"content":{"rendered":"<p class=\"translation-block\">\u2022 Tuxedo neck blazer.<br>\n\u2022 Embroidered with crystal rhinestones on the seams.<br>\n\u2022 Satin PL.<br>\n\u2022 100% acetate lining.<br>\n\u2022 Central button and faceted black sleeves.<br>\n\u2022 Handwash. I recommend washing by a specialized place.<br>\n\u2022 Blazer created in Spain in our atelier.<br>\n\u2022 All our garments are prepared to be adjusted by a professional dressmaker.<br>\n\u2022 Marisol is 1.73 and wears a size 36.<\/p>","protected":false},"excerpt":{"rendered":"<p>We are agree that a black blazer cannot be missing from our wardrobe, but this tuxedo type jacket is much more.<\/p>\n<p>The subtle detail of the crystal rhinestones on all the seams make any look that you combine with it rise 100%. But there is still more and that is that the central button together with the black facetted sleeve buttons make this garment a true jewel for fashion lovers. <strong>Create a super look in a few seconds.<\/strong><\/p>\n<p>Wear it on your next special occasion with our black party top with the same embroidered motifs and our comfortable slim-fit trousers. You will not need much more, good heeled sandals, a handbag and eat the world.<\/p>","protected":false},"featured_media":2032,"template":"","meta":{"_uag_custom_page_level_css":"","_mi_skip_tracking":false,"site-sidebar-layout":"default","site-content-layout":"default","ast-global-header-display":"","ast-main-header-display":"","ast-hfb-above-header-display":"","ast-hfb-below-header-display":"","ast-hfb-mobile-header-display":"","site-post-title":"","ast-breadcrumbs-content":"","ast-featured-img":"","footer-sml-layout":"","theme-transparent-header-meta":"default","adv-header-id-meta":"","stick-header-meta":"default","header-above-stick-meta":"","header-main-stick-meta":"","header-below-stick-meta":""},"product_brand":[],"product_cat":[20],"product_tag":[],"giftcard-category":[],"class_list":{"0":"post-2028","1":"product","2":"type-product","3":"status-publish","4":"has-post-thumbnail","6":"product_cat-tops-invitada-boda","7":"desktop-align-left","8":"tablet-align-left","9":"mobile-align-left","10":"ast-product-gallery-layout-vertical","11":"ast-product-single-variable","12":"ast-product-tabs-layout-horizontal","13":"ast-qv-on-image","15":"first","16":"instock","17":"taxable","18":"shipping-taxable","19":"purchasable","20":"product-type-variable"},"uagb_featured_image_src":{"full":["https:\/\/bellonez.com\/wp-content\/uploads\/2022\/11\/blazer-negra.jpg",1000,1412,false],"thumbnail":["https:\/\/bellonez.com\/wp-content\/uploads\/2022\/11\/blazer-negra.jpg",106,150,false],"medium":["https:\/\/bellonez.com\/wp-content\/uploads\/2022\/11\/blazer-negra.jpg",212,300,false],"medium_large":["https:\/\/bellonez.com\/wp-content\/uploads\/2022\/11\/blazer-negra.jpg",768,1084,false],"large":["https:\/\/bellonez.com\/wp-content\/uploads\/2022\/11\/blazer-negra.jpg",725,1024,false],"1536x1536":["https:\/\/bellonez.com\/wp-content\/uploads\/2022\/11\/blazer-negra.jpg",1000,1412,false],"2048x2048":["https:\/\/bellonez.com\/wp-content\/uploads\/2022\/11\/blazer-negra.jpg",1000,1412,false],"trp-custom-language-flag":["https:\/\/bellonez.com\/wp-content\/uploads\/2022\/11\/blazer-negra.jpg",8,12,false],"woocommerce_thumbnail":["https:\/\/bellonez.com\/wp-content\/uploads\/2022\/11\/blazer-negra-300x300.jpg",300,300,true],"woocommerce_single":["https:\/\/bellonez.com\/wp-content\/uploads\/2022\/11\/blazer-negra-600x847.jpg",600,847,true],"woocommerce_gallery_thumbnail":["https:\/\/bellonez.com\/wp-content\/uploads\/2022\/11\/blazer-negra-100x100.jpg",100,100,true],"shop_magnifier":["https:\/\/bellonez.com\/wp-content\/uploads\/2022\/11\/blazer-negra.jpg",425,600,false]},"uagb_author_info":{"display_name":"Bellonez","author_link":"https:\/\/bellonez.com\/en\/author\/"},"uagb_comment_info":0,"uagb_excerpt":"Estamos de acuerdo que no puede faltar una blazer negra en nuestro armario, pero esta chaqueta tipo smoking es mucho m\u00e1s. El sutil detalle de la pedrer\u00eda de cristal por todas las costuras hacen que cualquier look que combines con ella se eleve al 100%. Pero a\u00fan hay m\u00e1s y es que el bot\u00f3n central&hellip;","_links":{"self":[{"href":"https:\/\/bellonez.com\/en\/wp-json\/wp\/v2\/product\/2028","targetHints":{"allow":["GET"]}}],"collection":[{"href":"https:\/\/bellonez.com\/en\/wp-json\/wp\/v2\/product"}],"about":[{"href":"https:\/\/bellonez.com\/en\/wp-json\/wp\/v2\/types\/product"}],"wp:featuredmedia":[{"embeddable":true,"href":"https:\/\/bellonez.com\/en\/wp-json\/wp\/v2\/media\/2032"}],"wp:attachment":[{"href":"https:\/\/bellonez.com\/en\/wp-json\/wp\/v2\/media?parent=2028"}],"wp:term":[{"taxonomy":"product_brand","embeddable":true,"href":"https:\/\/bellonez.com\/en\/wp-json\/wp\/v2\/product_brand?post=2028"},{"taxonomy":"product_cat","embeddable":true,"href":"https:\/\/bellonez.com\/en\/wp-json\/wp\/v2\/product_cat?post=2028"},{"taxonomy":"product_tag","embeddable":true,"href":"https:\/\/bellonez.com\/en\/wp-json\/wp\/v2\/product_tag?post=2028"},{"taxonomy":"giftcard-category","embeddable":true,"href":"https:\/\/bellonez.com\/en\/wp-json\/wp\/v2\/giftcard-category?post=2028"}],"curies":[{"name":"wp","href":"https:\/\/api.w.org\/{rel}","templated":true}]}}