{"id":1965,"date":"2022-10-27T17:10:46","date_gmt":"2022-10-27T17:10:46","guid":{"rendered":"https:\/\/bellonez.com\/?post_type=product&#038;p=1965"},"modified":"2023-01-24T11:57:41","modified_gmt":"2023-01-24T11:57:41","slug":"pantalon-palazzo-blanco-para-novia-caida-deluxe","status":"publish","type":"product","link":"https:\/\/bellonez.com\/en\/product\/pantalon-palazzo-blanco-para-novia-caida-deluxe\/","title":{"rendered":"White deluxe Palazzo trousers"},"content":{"rendered":"<p class=\"translation-block\">\u2022 White Palazzo pants.<br>\n\u2022 Sash type waist.<br>\n\u2022 Lining that avoids transparencies.<br>\n\u2022 Double stretch crepe.<br>\n\u2022 94% LP.<br>\n\u2022 6% Elastane.<br>\n\u2022 Invisible zip closure.<br>\n\u2022 Covered buttons false closure.<br>\n\u2022 Invisible hem sewn by hand.<br>\n\u2022 Hand wash.<br>\n<strong>\u2022 Trousers created in Spain in our atelier.<\/strong><br>\n\u2022 All our garments are prepared to be adjusted by a professional dressmaker.<br>\n\u2022 Paula is 1.70 and wears a size 36.<\/p>","protected":false},"excerpt":{"rendered":"<p class=\"translation-block\">Palazzo pants with a high cut and a sophisticated wide waist that mimics a tuxedo cummerbund. Fully lined to avoid undesirable transparencies. The impressive drape of the fabric and the challenging cut of the pants <strong>stylize your figure to the maximum <\/strong>.<br>\nCombine it with many garments, from fantasy tops to white shirts. These pants update your wardrobe.<strong> Ensure a perfect look without doing almost<\/p>","protected":false},"featured_media":1969,"template":"","meta":{"_uag_custom_page_level_css":"","_mi_skip_tracking":false,"site-sidebar-layout":"default","site-content-layout":"default","ast-global-header-display":"","ast-main-header-display":"","ast-hfb-above-header-display":"","ast-hfb-below-header-display":"","ast-hfb-mobile-header-display":"","site-post-title":"","ast-breadcrumbs-content":"","ast-featured-img":"","footer-sml-layout":"","theme-transparent-header-meta":"default","adv-header-id-meta":"","stick-header-meta":"default","header-above-stick-meta":"","header-main-stick-meta":"","header-below-stick-meta":""},"product_brand":[],"product_cat":[29,27],"product_tag":[],"giftcard-category":[],"class_list":{"0":"post-1965","1":"product","2":"type-product","3":"status-publish","4":"has-post-thumbnail","6":"product_cat-vestidos-de-novia","7":"product_cat-pantalones","8":"desktop-align-left","9":"tablet-align-left","10":"mobile-align-left","11":"ast-product-gallery-layout-vertical","12":"ast-product-single-variable","13":"ast-product-tabs-layout-horizontal","14":"ast-qv-on-image","16":"first","17":"instock","18":"taxable","19":"shipping-taxable","20":"purchasable","21":"product-type-variable"},"uagb_featured_image_src":{"full":["https:\/\/bellonez.com\/wp-content\/uploads\/2022\/10\/pantalon-palazzo-blanco.jpg",1000,1375,false],"thumbnail":["https:\/\/bellonez.com\/wp-content\/uploads\/2022\/10\/pantalon-palazzo-blanco.jpg",109,150,false],"medium":["https:\/\/bellonez.com\/wp-content\/uploads\/2022\/10\/pantalon-palazzo-blanco.jpg",218,300,false],"medium_large":["https:\/\/bellonez.com\/wp-content\/uploads\/2022\/10\/pantalon-palazzo-blanco.jpg",768,1056,false],"large":["https:\/\/bellonez.com\/wp-content\/uploads\/2022\/10\/pantalon-palazzo-blanco.jpg",745,1024,false],"1536x1536":["https:\/\/bellonez.com\/wp-content\/uploads\/2022\/10\/pantalon-palazzo-blanco.jpg",1000,1375,false],"2048x2048":["https:\/\/bellonez.com\/wp-content\/uploads\/2022\/10\/pantalon-palazzo-blanco.jpg",1000,1375,false],"trp-custom-language-flag":["https:\/\/bellonez.com\/wp-content\/uploads\/2022\/10\/pantalon-palazzo-blanco.jpg",9,12,false],"woocommerce_thumbnail":["https:\/\/bellonez.com\/wp-content\/uploads\/2022\/10\/pantalon-palazzo-blanco-300x300.jpg",300,300,true],"woocommerce_single":["https:\/\/bellonez.com\/wp-content\/uploads\/2022\/10\/pantalon-palazzo-blanco-600x825.jpg",600,825,true],"woocommerce_gallery_thumbnail":["https:\/\/bellonez.com\/wp-content\/uploads\/2022\/10\/pantalon-palazzo-blanco-100x100.jpg",100,100,true],"shop_magnifier":["https:\/\/bellonez.com\/wp-content\/uploads\/2022\/10\/pantalon-palazzo-blanco.jpg",436,600,false]},"uagb_author_info":{"display_name":"Bellonez","author_link":"https:\/\/bellonez.com\/en\/author\/"},"uagb_comment_info":0,"uagb_excerpt":"Pantal\u00f3n palazzo de corte alto y sofisticada cintura ancha que imita a un faj\u00edn de smoking. Completamente forrado para evitar transparencias indeseables. La impresionante ca\u00edda del tejido y el corte reto del pantal\u00f3n estiliza tu figura al m\u00e1ximo. Comb\u00ednalo con much\u00edsimas prendas, desde tops fantas\u00eda hasta con camisas blancas. Este pantal\u00f3n actualiza tu fondo de&hellip;","_links":{"self":[{"href":"https:\/\/bellonez.com\/en\/wp-json\/wp\/v2\/product\/1965","targetHints":{"allow":["GET"]}}],"collection":[{"href":"https:\/\/bellonez.com\/en\/wp-json\/wp\/v2\/product"}],"about":[{"href":"https:\/\/bellonez.com\/en\/wp-json\/wp\/v2\/types\/product"}],"wp:featuredmedia":[{"embeddable":true,"href":"https:\/\/bellonez.com\/en\/wp-json\/wp\/v2\/media\/1969"}],"wp:attachment":[{"href":"https:\/\/bellonez.com\/en\/wp-json\/wp\/v2\/media?parent=1965"}],"wp:term":[{"taxonomy":"product_brand","embeddable":true,"href":"https:\/\/bellonez.com\/en\/wp-json\/wp\/v2\/product_brand?post=1965"},{"taxonomy":"product_cat","embeddable":true,"href":"https:\/\/bellonez.com\/en\/wp-json\/wp\/v2\/product_cat?post=1965"},{"taxonomy":"product_tag","embeddable":true,"href":"https:\/\/bellonez.com\/en\/wp-json\/wp\/v2\/product_tag?post=1965"},{"taxonomy":"giftcard-category","embeddable":true,"href":"https:\/\/bellonez.com\/en\/wp-json\/wp\/v2\/giftcard-category?post=1965"}],"curies":[{"name":"wp","href":"https:\/\/api.w.org\/{rel}","templated":true}]}}