{"id":1904,"date":"2022-10-21T19:34:12","date_gmt":"2022-10-21T19:34:12","guid":{"rendered":"https:\/\/bellonez.com\/?post_type=product&#038;p=1904"},"modified":"2023-02-02T10:55:34","modified_gmt":"2023-02-02T10:55:34","slug":"minifalda-blanca-en-mikado-para-novia","status":"publish","type":"product","link":"https:\/\/bellonez.com\/en\/product\/minifalda-blanca-en-mikado-para-novia\/","title":{"rendered":"Silk Mikado bridal skirt"},"content":{"rendered":"<p class=\"translation-block\">\u2022 White miniskirt with maxi bow.<br>\n\u2022 Silk mikado.<br>\n\u2022 65% PL.<br>\n\u2022 35% silk.<br>\n\u2022 Golden zipper closure.<br>\n\u2022 Fully lined to avoid transparencies. Soft touch to the skin.<br>\n\u2022 Hand wash.<br>\n\u2022 Mini skirt created in Spain in our atelier.<br>\n\u2022 All our garments are prepared to be adjusted by a professional dressmaker.<br>\n\u2022 Marisol is 1.73 and wears a size 36.<\/p>","protected":false},"excerpt":{"rendered":"<p class=\"translation-block\">This miniskirt is as sophisticated as it is flirty. The maxi bow on the front makes it so special that it will be a key piece in your wardrobe. Perfect to combine with short tops or bodies. Made of polyester silk mikado, it is very comfortable to dance all night. <strong>Easily create a luxurious look in a matter of seconds<\/strong> with heeled sandals and show off extra-shiny legs.<\/p>","protected":false},"featured_media":1906,"template":"","meta":{"_uag_custom_page_level_css":"","_mi_skip_tracking":false,"site-sidebar-layout":"default","site-content-layout":"default","ast-global-header-display":"","ast-main-header-display":"","ast-hfb-above-header-display":"","ast-hfb-below-header-display":"","ast-hfb-mobile-header-display":"","site-post-title":"","ast-breadcrumbs-content":"","ast-featured-img":"","footer-sml-layout":"","theme-transparent-header-meta":"default","adv-header-id-meta":"","stick-header-meta":"default","header-above-stick-meta":"","header-main-stick-meta":"","header-below-stick-meta":""},"product_brand":[],"product_cat":[29,17],"product_tag":[],"giftcard-category":[],"class_list":{"0":"post-1904","1":"product","2":"type-product","3":"status-publish","4":"has-post-thumbnail","6":"product_cat-vestidos-de-novia","7":"product_cat-faldas","8":"desktop-align-left","9":"tablet-align-left","10":"mobile-align-left","11":"ast-product-gallery-layout-vertical","12":"ast-product-single-variable","13":"ast-product-tabs-layout-horizontal","14":"ast-qv-on-image","16":"first","17":"instock","18":"taxable","19":"shipping-taxable","20":"purchasable","21":"product-type-variable"},"uagb_featured_image_src":{"full":["https:\/\/bellonez.com\/wp-content\/uploads\/2022\/10\/minialda-blanca-lazo.jpg",1000,1447,false],"thumbnail":["https:\/\/bellonez.com\/wp-content\/uploads\/2022\/10\/minialda-blanca-lazo.jpg",104,150,false],"medium":["https:\/\/bellonez.com\/wp-content\/uploads\/2022\/10\/minialda-blanca-lazo.jpg",207,300,false],"medium_large":["https:\/\/bellonez.com\/wp-content\/uploads\/2022\/10\/minialda-blanca-lazo.jpg",768,1111,false],"large":["https:\/\/bellonez.com\/wp-content\/uploads\/2022\/10\/minialda-blanca-lazo.jpg",708,1024,false],"1536x1536":["https:\/\/bellonez.com\/wp-content\/uploads\/2022\/10\/minialda-blanca-lazo.jpg",1000,1447,false],"2048x2048":["https:\/\/bellonez.com\/wp-content\/uploads\/2022\/10\/minialda-blanca-lazo.jpg",1000,1447,false],"trp-custom-language-flag":["https:\/\/bellonez.com\/wp-content\/uploads\/2022\/10\/minialda-blanca-lazo.jpg",8,12,false],"woocommerce_thumbnail":["https:\/\/bellonez.com\/wp-content\/uploads\/2022\/10\/minialda-blanca-lazo-300x300.jpg",300,300,true],"woocommerce_single":["https:\/\/bellonez.com\/wp-content\/uploads\/2022\/10\/minialda-blanca-lazo-600x868.jpg",600,868,true],"woocommerce_gallery_thumbnail":["https:\/\/bellonez.com\/wp-content\/uploads\/2022\/10\/minialda-blanca-lazo-100x100.jpg",100,100,true],"shop_magnifier":["https:\/\/bellonez.com\/wp-content\/uploads\/2022\/10\/minialda-blanca-lazo.jpg",415,600,false]},"uagb_author_info":{"display_name":"Bellonez","author_link":"https:\/\/bellonez.com\/en\/author\/"},"uagb_comment_info":0,"uagb_excerpt":"Esta minifalda resulta tan sofisticada como coqueta. El maxilazo en la parte delantera hace que sea tan especial que ser\u00e1 una pieza clave en tu armario. Perfecta para combinar con tops cortos o con bodies. Fabricada en mikado de seda poli\u00e9ster resulta muy c\u00f3moda para bailar toda la noche. Crea f\u00e1cilmente un lujoso look en&hellip;","_links":{"self":[{"href":"https:\/\/bellonez.com\/en\/wp-json\/wp\/v2\/product\/1904","targetHints":{"allow":["GET"]}}],"collection":[{"href":"https:\/\/bellonez.com\/en\/wp-json\/wp\/v2\/product"}],"about":[{"href":"https:\/\/bellonez.com\/en\/wp-json\/wp\/v2\/types\/product"}],"wp:featuredmedia":[{"embeddable":true,"href":"https:\/\/bellonez.com\/en\/wp-json\/wp\/v2\/media\/1906"}],"wp:attachment":[{"href":"https:\/\/bellonez.com\/en\/wp-json\/wp\/v2\/media?parent=1904"}],"wp:term":[{"taxonomy":"product_brand","embeddable":true,"href":"https:\/\/bellonez.com\/en\/wp-json\/wp\/v2\/product_brand?post=1904"},{"taxonomy":"product_cat","embeddable":true,"href":"https:\/\/bellonez.com\/en\/wp-json\/wp\/v2\/product_cat?post=1904"},{"taxonomy":"product_tag","embeddable":true,"href":"https:\/\/bellonez.com\/en\/wp-json\/wp\/v2\/product_tag?post=1904"},{"taxonomy":"giftcard-category","embeddable":true,"href":"https:\/\/bellonez.com\/en\/wp-json\/wp\/v2\/giftcard-category?post=1904"}],"curies":[{"name":"wp","href":"https:\/\/api.w.org\/{rel}","templated":true}]}}