{"id":1815,"date":"2022-10-20T14:32:02","date_gmt":"2022-10-20T14:32:02","guid":{"rendered":"https:\/\/bellonez.com\/?post_type=product&#038;p=1815"},"modified":"2023-02-06T09:59:13","modified_gmt":"2023-02-06T09:59:13","slug":"vestido-largo-amarillo","status":"publish","type":"product","link":"https:\/\/bellonez.com\/en\/product\/vestido-largo-amarillo\/","title":{"rendered":"Long yellow one-shoulder dress with opal embroidery"},"content":{"rendered":"<p class=\"translation-block\">\u2022 Long yellow dress.<br>\n\u2022 Double stretch crepe.<br>\n\u2022 Flattering integrated cups.<br>\n\u2022 Invisible zip closure.<br>\n\u2022 Fully lined to avoid transparencies. Soft touch to the skin.<br>\n\u2022 94% LP.<br>\n\u2022 6% Elastane.<br>\n\u2022 Hand wash.<br>\n\u2022 <strong>Dress created in Spain in our atelier.<\/strong><br>\n\u2022 All our garments are prepared to be adjusted by a professional dressmaker.<br>\n\u2022 Marisol is 1.73 and wears a size 36.<\/p>","protected":false},"excerpt":{"rendered":"<p class=\"translation-block\">Original long yellow dress with one bare shoulder and embroidery with opal stones in the same tone on the other that will offer you the best style in a matter of seconds.<br>\n<strong>Elegant and flattering silhouette designed to enhance your figure<\/strong>. High quality fabric, comfortable and with an incredible fall. You will not need to think much about accessories. <strong>Recommendation<\/strong>: Wear it with high-heeled sandals, very subtle accessories and a clean hairstyle. Perfect look for a wedding guest both day and night.<\/p>","protected":false},"featured_media":1818,"template":"","meta":{"_uag_custom_page_level_css":"","_mi_skip_tracking":false,"site-sidebar-layout":"default","site-content-layout":"default","ast-global-header-display":"","ast-main-header-display":"","ast-hfb-above-header-display":"","ast-hfb-below-header-display":"","ast-hfb-mobile-header-display":"","site-post-title":"","ast-breadcrumbs-content":"","ast-featured-img":"","footer-sml-layout":"","theme-transparent-header-meta":"default","adv-header-id-meta":"","stick-header-meta":"default","header-above-stick-meta":"","header-main-stick-meta":"","header-below-stick-meta":""},"product_brand":[],"product_cat":[18],"product_tag":[],"giftcard-category":[],"class_list":{"0":"post-1815","1":"product","2":"type-product","3":"status-publish","4":"has-post-thumbnail","6":"product_cat-vestidos-invitada-boda","7":"desktop-align-left","8":"tablet-align-left","9":"mobile-align-left","10":"ast-product-gallery-layout-vertical","11":"ast-product-single-variable","12":"ast-product-tabs-layout-horizontal","13":"ast-qv-on-image","15":"first","16":"instock","17":"taxable","18":"shipping-taxable","19":"purchasable","20":"product-type-variable"},"uagb_featured_image_src":{"full":["https:\/\/bellonez.com\/wp-content\/uploads\/2022\/10\/vestido-amarillo-largo.jpg",1000,1500,false],"thumbnail":["https:\/\/bellonez.com\/wp-content\/uploads\/2022\/10\/vestido-amarillo-largo.jpg",100,150,false],"medium":["https:\/\/bellonez.com\/wp-content\/uploads\/2022\/10\/vestido-amarillo-largo.jpg",200,300,false],"medium_large":["https:\/\/bellonez.com\/wp-content\/uploads\/2022\/10\/vestido-amarillo-largo.jpg",768,1152,false],"large":["https:\/\/bellonez.com\/wp-content\/uploads\/2022\/10\/vestido-amarillo-largo.jpg",683,1024,false],"1536x1536":["https:\/\/bellonez.com\/wp-content\/uploads\/2022\/10\/vestido-amarillo-largo.jpg",1000,1500,false],"2048x2048":["https:\/\/bellonez.com\/wp-content\/uploads\/2022\/10\/vestido-amarillo-largo.jpg",1000,1500,false],"trp-custom-language-flag":["https:\/\/bellonez.com\/wp-content\/uploads\/2022\/10\/vestido-amarillo-largo.jpg",8,12,false],"woocommerce_thumbnail":["https:\/\/bellonez.com\/wp-content\/uploads\/2022\/10\/vestido-amarillo-largo-300x300.jpg",300,300,true],"woocommerce_single":["https:\/\/bellonez.com\/wp-content\/uploads\/2022\/10\/vestido-amarillo-largo-600x900.jpg",600,900,true],"woocommerce_gallery_thumbnail":["https:\/\/bellonez.com\/wp-content\/uploads\/2022\/10\/vestido-amarillo-largo-100x100.jpg",100,100,true],"shop_magnifier":["https:\/\/bellonez.com\/wp-content\/uploads\/2022\/10\/vestido-amarillo-largo.jpg",400,600,false]},"uagb_author_info":{"display_name":"Bellonez","author_link":"https:\/\/bellonez.com\/en\/author\/"},"uagb_comment_info":0,"uagb_excerpt":"Original vestido largo amarillo con un hombro descubierto y bordados con piedras de \u00f3palo en mismo tono en el otro que te ofrecer\u00e1 el mejor estilo cuesti\u00f3n de segundos. Silueta elegante y favorecedora dise\u00f1ada para realzar tu figura. \u00a0Tejido de alta calidad, \u00a0c\u00f3modo y con una ca\u00edda incre\u00edble. No necesitar\u00e1s pensar mucho en los accesorios.&hellip;","_links":{"self":[{"href":"https:\/\/bellonez.com\/en\/wp-json\/wp\/v2\/product\/1815","targetHints":{"allow":["GET"]}}],"collection":[{"href":"https:\/\/bellonez.com\/en\/wp-json\/wp\/v2\/product"}],"about":[{"href":"https:\/\/bellonez.com\/en\/wp-json\/wp\/v2\/types\/product"}],"wp:featuredmedia":[{"embeddable":true,"href":"https:\/\/bellonez.com\/en\/wp-json\/wp\/v2\/media\/1818"}],"wp:attachment":[{"href":"https:\/\/bellonez.com\/en\/wp-json\/wp\/v2\/media?parent=1815"}],"wp:term":[{"taxonomy":"product_brand","embeddable":true,"href":"https:\/\/bellonez.com\/en\/wp-json\/wp\/v2\/product_brand?post=1815"},{"taxonomy":"product_cat","embeddable":true,"href":"https:\/\/bellonez.com\/en\/wp-json\/wp\/v2\/product_cat?post=1815"},{"taxonomy":"product_tag","embeddable":true,"href":"https:\/\/bellonez.com\/en\/wp-json\/wp\/v2\/product_tag?post=1815"},{"taxonomy":"giftcard-category","embeddable":true,"href":"https:\/\/bellonez.com\/en\/wp-json\/wp\/v2\/giftcard-category?post=1815"}],"curies":[{"name":"wp","href":"https:\/\/api.w.org\/{rel}","templated":true}]}}