{"id":1739,"date":"2022-07-18T17:54:34","date_gmt":"2022-07-18T17:54:34","guid":{"rendered":"https:\/\/bellonez.com\/?post_type=product&#038;p=1739"},"modified":"2023-02-02T10:47:46","modified_gmt":"2023-02-02T10:47:46","slug":"vestido-con-hombreras-y-espalda-descubierta","status":"publish","type":"product","link":"https:\/\/bellonez.com\/en\/product\/vestido-con-hombreras-y-espalda-descubierta\/","title":{"rendered":"Backless red dress with shoulder pads"},"content":{"rendered":"<p class=\"translation-block\">\u2022 Dress with XL shoulder pads, high neck and bare back.<br>\n\u2022 Cups incorporated inside.<br>\n\u2022 30 cm tail.<br>\n\u2022 Double stretch crepe.<br>\n\u2022 94% LP.<br>\n\u2022 6% Elastane<br>\n\u2022 Invisible zipper on the hip and covered buttons on the neck.<br>\n\u2022 Zips on sleeves for a perfect fit.<br>\n\u2022 Hand wash with neutral detergent.<br>\n<strong>\u2022 Dress created in Spain in our atelier.<\/strong><br>\n\u2022 All our garments are prepared to be adjusted by a professional dressmaker.<br>\n\u2022 Marisol is 1.73 and wears a size 36.<\/p>","protected":false},"excerpt":{"rendered":"<p class=\"translation-block\">Dress with shoulder pads and open back. Red carpet dress 100%. Minimalist design but with a <strong>flattering silhouette<\/strong>. The elastic crepe adapts perfectly to your figure, slimming it to the maximum. The fall of this design is pure magic. The high neck and XL shoulder pads offer a futuristic and impeccable design and the pronounced exposed back gives it just the sensuality you need. You will only need some high-heeled shoes and very subtle accessories. <strong>Without a doubt this dress is a Bellonazo!<\/strong><\/p>","protected":false},"featured_media":1833,"template":"","meta":{"_uag_custom_page_level_css":"","_mi_skip_tracking":false,"site-sidebar-layout":"default","site-content-layout":"default","ast-global-header-display":"","ast-main-header-display":"","ast-hfb-above-header-display":"","ast-hfb-below-header-display":"","ast-hfb-mobile-header-display":"","site-post-title":"","ast-breadcrumbs-content":"","ast-featured-img":"","footer-sml-layout":"","theme-transparent-header-meta":"default","adv-header-id-meta":"","stick-header-meta":"default","header-above-stick-meta":"","header-main-stick-meta":"","header-below-stick-meta":""},"product_brand":[],"product_cat":[18],"product_tag":[],"giftcard-category":[],"class_list":{"0":"post-1739","1":"product","2":"type-product","3":"status-publish","4":"has-post-thumbnail","6":"product_cat-vestidos-invitada-boda","7":"desktop-align-left","8":"tablet-align-left","9":"mobile-align-left","10":"ast-product-gallery-layout-vertical","11":"ast-product-single-variable","12":"ast-product-tabs-layout-horizontal","13":"ast-qv-on-image","15":"first","16":"instock","17":"taxable","18":"shipping-taxable","19":"purchasable","20":"product-type-variable"},"uagb_featured_image_src":{"full":["https:\/\/bellonez.com\/wp-content\/uploads\/2022\/07\/vestido-rojo-bellonez.jpg",1000,1408,false],"thumbnail":["https:\/\/bellonez.com\/wp-content\/uploads\/2022\/07\/vestido-rojo-bellonez.jpg",107,150,false],"medium":["https:\/\/bellonez.com\/wp-content\/uploads\/2022\/07\/vestido-rojo-bellonez.jpg",213,300,false],"medium_large":["https:\/\/bellonez.com\/wp-content\/uploads\/2022\/07\/vestido-rojo-bellonez.jpg",768,1081,false],"large":["https:\/\/bellonez.com\/wp-content\/uploads\/2022\/07\/vestido-rojo-bellonez.jpg",727,1024,false],"1536x1536":["https:\/\/bellonez.com\/wp-content\/uploads\/2022\/07\/vestido-rojo-bellonez.jpg",1000,1408,false],"2048x2048":["https:\/\/bellonez.com\/wp-content\/uploads\/2022\/07\/vestido-rojo-bellonez.jpg",1000,1408,false],"trp-custom-language-flag":["https:\/\/bellonez.com\/wp-content\/uploads\/2022\/07\/vestido-rojo-bellonez.jpg",9,12,false],"woocommerce_thumbnail":["https:\/\/bellonez.com\/wp-content\/uploads\/2022\/07\/vestido-rojo-bellonez-300x300.jpg",300,300,true],"woocommerce_single":["https:\/\/bellonez.com\/wp-content\/uploads\/2022\/07\/vestido-rojo-bellonez-600x845.jpg",600,845,true],"woocommerce_gallery_thumbnail":["https:\/\/bellonez.com\/wp-content\/uploads\/2022\/07\/vestido-rojo-bellonez-100x100.jpg",100,100,true],"shop_magnifier":["https:\/\/bellonez.com\/wp-content\/uploads\/2022\/07\/vestido-rojo-bellonez.jpg",426,600,false]},"uagb_author_info":{"display_name":"Bellonez","author_link":"https:\/\/bellonez.com\/en\/author\/"},"uagb_comment_info":0,"uagb_excerpt":"Vestido con hombreras y espalda descubierta. Vestido de alfombra roja 100%. Dise\u00f1o minimalista pero de favorecedora silueta. El crep\u00e9 el\u00e1stico se adapta a la perfecci\u00f3n a tu figura estilizando al m\u00e1ximo. La ca\u00edda de este dise\u00f1o es pura magia. El cuello alto y las hombreras XL ofrecen un dise\u00f1o futurista e impecable y la pronunciada&hellip;","_links":{"self":[{"href":"https:\/\/bellonez.com\/en\/wp-json\/wp\/v2\/product\/1739","targetHints":{"allow":["GET"]}}],"collection":[{"href":"https:\/\/bellonez.com\/en\/wp-json\/wp\/v2\/product"}],"about":[{"href":"https:\/\/bellonez.com\/en\/wp-json\/wp\/v2\/types\/product"}],"wp:featuredmedia":[{"embeddable":true,"href":"https:\/\/bellonez.com\/en\/wp-json\/wp\/v2\/media\/1833"}],"wp:attachment":[{"href":"https:\/\/bellonez.com\/en\/wp-json\/wp\/v2\/media?parent=1739"}],"wp:term":[{"taxonomy":"product_brand","embeddable":true,"href":"https:\/\/bellonez.com\/en\/wp-json\/wp\/v2\/product_brand?post=1739"},{"taxonomy":"product_cat","embeddable":true,"href":"https:\/\/bellonez.com\/en\/wp-json\/wp\/v2\/product_cat?post=1739"},{"taxonomy":"product_tag","embeddable":true,"href":"https:\/\/bellonez.com\/en\/wp-json\/wp\/v2\/product_tag?post=1739"},{"taxonomy":"giftcard-category","embeddable":true,"href":"https:\/\/bellonez.com\/en\/wp-json\/wp\/v2\/giftcard-category?post=1739"}],"curies":[{"name":"wp","href":"https:\/\/api.w.org\/{rel}","templated":true}]}}