{"id":1603,"date":"2022-07-06T15:07:08","date_gmt":"2022-07-06T15:07:08","guid":{"rendered":"https:\/\/bellonez.com\/?post_type=product&#038;p=1603"},"modified":"2023-01-18T15:38:16","modified_gmt":"2023-01-18T15:38:16","slug":"vestido-negro-cuello-halter","status":"publish","type":"product","link":"https:\/\/bellonez.com\/en\/product\/vestido-negro-cuello-halter\/","title":{"rendered":"Black halter neck dress"},"content":{"rendered":"<p class=\"translation-block\">\u2022 Black halter neck dress.<br>\n\u2022 Texture on shoulders.<br>\n\u2022 Side opening.<br>\n\u2022 Double stretch crepe.<br>\n\u2022 94% LP.<br>\n\u2022 6% Elastane.<br>\n\u2022 Golden zipper closure on the back.<br>\n\u2022 Fully lined. Soft touch to the skin.<br>\n\u2022 Hand wash.<br>\n<strong>\u2022 Dress created in Spain in our atelier.<\/strong><br>\n\u2022 All our garments are prepared to be adjusted by a professional dressmaker.<br>\n\u2022 Marisol is 1.73 and wears a size 36.<\/p>","protected":false},"excerpt":{"rendered":"<p>The elegant silhouette of this sleeveless halter neck black dress with double texture on the shoulders brings a basic to your wardrobe but with a modern and timeless touch.<\/p>\n<p class=\"translation-block\">You will use it more than you think. <strong>The elasticity of the fabric makes it adapt perfectly, stylizing your figure to the maximum <\/strong>. Perfect to use it on multiple occasions just by changing the accessories. Try gold maxi bracelets and strappy sandals. Or maybe you feel more rocker by adding a leather biker and some ankle boots.<\/p>","protected":false},"featured_media":1997,"template":"","meta":{"_uag_custom_page_level_css":"","_mi_skip_tracking":false,"site-sidebar-layout":"default","site-content-layout":"default","ast-global-header-display":"","ast-main-header-display":"","ast-hfb-above-header-display":"","ast-hfb-below-header-display":"","ast-hfb-mobile-header-display":"","site-post-title":"","ast-breadcrumbs-content":"","ast-featured-img":"","footer-sml-layout":"","theme-transparent-header-meta":"default","adv-header-id-meta":"","stick-header-meta":"default","header-above-stick-meta":"","header-main-stick-meta":"","header-below-stick-meta":""},"product_brand":[],"product_cat":[18],"product_tag":[],"giftcard-category":[],"class_list":{"0":"post-1603","1":"product","2":"type-product","3":"status-publish","4":"has-post-thumbnail","6":"product_cat-vestidos-invitada-boda","7":"desktop-align-left","8":"tablet-align-left","9":"mobile-align-left","10":"ast-product-gallery-layout-vertical","11":"ast-product-single-variable","12":"ast-product-tabs-layout-horizontal","13":"ast-qv-on-image","15":"first","16":"instock","17":"taxable","18":"shipping-taxable","19":"purchasable","20":"product-type-variable"},"uagb_featured_image_src":{"full":["https:\/\/bellonez.com\/wp-content\/uploads\/2022\/07\/vestido-cuello-alto.jpg",1000,1514,false],"thumbnail":["https:\/\/bellonez.com\/wp-content\/uploads\/2022\/07\/vestido-cuello-alto-150x150.jpg",150,150,true],"medium":["https:\/\/bellonez.com\/wp-content\/uploads\/2022\/07\/vestido-cuello-alto-198x300.jpg",198,300,true],"medium_large":["https:\/\/bellonez.com\/wp-content\/uploads\/2022\/07\/vestido-cuello-alto-768x1163.jpg",768,1163,true],"large":["https:\/\/bellonez.com\/wp-content\/uploads\/2022\/07\/vestido-cuello-alto-676x1024.jpg",676,1024,true],"1536x1536":["https:\/\/bellonez.com\/wp-content\/uploads\/2022\/07\/vestido-cuello-alto.jpg",1000,1514,false],"2048x2048":["https:\/\/bellonez.com\/wp-content\/uploads\/2022\/07\/vestido-cuello-alto.jpg",1000,1514,false],"trp-custom-language-flag":["https:\/\/bellonez.com\/wp-content\/uploads\/2022\/07\/vestido-cuello-alto.jpg",8,12,false],"woocommerce_thumbnail":["https:\/\/bellonez.com\/wp-content\/uploads\/2022\/07\/vestido-cuello-alto-300x300.jpg",300,300,true],"woocommerce_single":["https:\/\/bellonez.com\/wp-content\/uploads\/2022\/07\/vestido-cuello-alto-600x908.jpg",600,908,true],"woocommerce_gallery_thumbnail":["https:\/\/bellonez.com\/wp-content\/uploads\/2022\/07\/vestido-cuello-alto-100x100.jpg",100,100,true],"shop_magnifier":["https:\/\/bellonez.com\/wp-content\/uploads\/2022\/07\/vestido-cuello-alto-600x600.jpg",600,600,true]},"uagb_author_info":{"display_name":"Bellonez","author_link":"https:\/\/bellonez.com\/en\/author\/"},"uagb_comment_info":0,"uagb_excerpt":"La elegante silueta de este vestido negro cuello halter sin mangas y doble textura en los hombros aporta un b\u00e1sico a tu armario pero con un toque moderno y atemporal. Lo usar\u00e1s m\u00e1s de lo que crees. La elasticidad del tejido hace que se adapte a a la perfecci\u00f3n estilizando al m\u00e1ximo tu figura. Perfecto&hellip;","_links":{"self":[{"href":"https:\/\/bellonez.com\/en\/wp-json\/wp\/v2\/product\/1603","targetHints":{"allow":["GET"]}}],"collection":[{"href":"https:\/\/bellonez.com\/en\/wp-json\/wp\/v2\/product"}],"about":[{"href":"https:\/\/bellonez.com\/en\/wp-json\/wp\/v2\/types\/product"}],"wp:featuredmedia":[{"embeddable":true,"href":"https:\/\/bellonez.com\/en\/wp-json\/wp\/v2\/media\/1997"}],"wp:attachment":[{"href":"https:\/\/bellonez.com\/en\/wp-json\/wp\/v2\/media?parent=1603"}],"wp:term":[{"taxonomy":"product_brand","embeddable":true,"href":"https:\/\/bellonez.com\/en\/wp-json\/wp\/v2\/product_brand?post=1603"},{"taxonomy":"product_cat","embeddable":true,"href":"https:\/\/bellonez.com\/en\/wp-json\/wp\/v2\/product_cat?post=1603"},{"taxonomy":"product_tag","embeddable":true,"href":"https:\/\/bellonez.com\/en\/wp-json\/wp\/v2\/product_tag?post=1603"},{"taxonomy":"giftcard-category","embeddable":true,"href":"https:\/\/bellonez.com\/en\/wp-json\/wp\/v2\/giftcard-category?post=1603"}],"curies":[{"name":"wp","href":"https:\/\/api.w.org\/{rel}","templated":true}]}}