{"id":1591,"date":"2022-07-06T14:59:17","date_gmt":"2022-07-06T14:59:17","guid":{"rendered":"https:\/\/bellonez.com\/?post_type=product&#038;p=1591"},"modified":"2023-02-14T11:20:39","modified_gmt":"2023-02-14T11:20:39","slug":"vestido-de-novia-corto","status":"publish","type":"product","link":"https:\/\/bellonez.com\/en\/product\/vestido-de-novia-corto\/","title":{"rendered":"Short wedding dress with feathers and crystal beading"},"content":{"rendered":"<p>\u2022 Vestido de novia corto con cuello alto, hombreras y manga larga.<br \/>\n\u2022 Bordado de plumas cruelty free y pedrer\u00eda de cristal.<br \/>\n\u2022 Doble Crepe el\u00e1stico de primera calidad.<br \/>\n\u2022 94% PL.<br \/>\n\u2022 6% Elastano.<br \/>\n\u2022 Cierre cremallera dorada en espalda.<br \/>\n\u2022 Cierre cremmalleras doradas en manga que las hace mas ajustadas.<br \/>\n\u2022 Completamente forrado.Tacto suave a la piel.<br \/>\n\u2022 Lavar a mano y especial cuidado con las plumas. Recomiendo por un especilista.<br \/>\n<strong>\u2022 Vestido creado en Espa\u00f1a en nuestro atelier.<\/strong><br \/>\n\u2022 Todas nuestras prendas est\u00e1n preparadas para poder ajustarse por una modista profesional.<br \/>\n\u2022 Marisol mide 1,73 y lleva la talla 36.<\/p>","protected":false},"excerpt":{"rendered":"<p>This striking short wedding dress design with a high neckline, shoulder pads and long sleeves is perfect for those brides who do not want to go unnoticed. It exudes elegance and glamour. The cut fits your silhouette perfectly. The movement of the feathers topped with crystal rhinestones makes it even more special.<\/p>\n<p>Perfect for both day and night weddings. Combine it with heeled and shiny sandals and you will have a look that will pass the years and still remain modern.<\/p>","protected":false},"featured_media":1947,"template":"","meta":{"_uag_custom_page_level_css":"","_mi_skip_tracking":false,"site-sidebar-layout":"default","site-content-layout":"default","ast-global-header-display":"","ast-main-header-display":"","ast-hfb-above-header-display":"","ast-hfb-below-header-display":"","ast-hfb-mobile-header-display":"","site-post-title":"","ast-breadcrumbs-content":"","ast-featured-img":"","footer-sml-layout":"","theme-transparent-header-meta":"default","adv-header-id-meta":"","stick-header-meta":"default","header-above-stick-meta":"","header-main-stick-meta":"","header-below-stick-meta":""},"product_brand":[],"product_cat":[29],"product_tag":[],"giftcard-category":[],"class_list":{"0":"post-1591","1":"product","2":"type-product","3":"status-publish","4":"has-post-thumbnail","6":"product_cat-vestidos-de-novia","7":"desktop-align-left","8":"tablet-align-left","9":"mobile-align-left","10":"ast-product-gallery-layout-vertical","11":"ast-product-single-variable","12":"ast-product-tabs-layout-horizontal","13":"ast-qv-on-image","15":"first","16":"instock","17":"taxable","18":"shipping-taxable","19":"purchasable","20":"product-type-variable"},"uagb_featured_image_src":{"full":["https:\/\/bellonez.com\/wp-content\/uploads\/2022\/07\/vestido-de-novia-con-plumas.jpg",1000,1500,false],"thumbnail":["https:\/\/bellonez.com\/wp-content\/uploads\/2022\/07\/vestido-de-novia-con-plumas-150x150.jpg",150,150,true],"medium":["https:\/\/bellonez.com\/wp-content\/uploads\/2022\/07\/vestido-de-novia-con-plumas-200x300.jpg",200,300,true],"medium_large":["https:\/\/bellonez.com\/wp-content\/uploads\/2022\/07\/vestido-de-novia-con-plumas-768x1152.jpg",768,1152,true],"large":["https:\/\/bellonez.com\/wp-content\/uploads\/2022\/07\/vestido-de-novia-con-plumas-683x1024.jpg",683,1024,true],"1536x1536":["https:\/\/bellonez.com\/wp-content\/uploads\/2022\/07\/vestido-de-novia-con-plumas.jpg",1000,1500,false],"2048x2048":["https:\/\/bellonez.com\/wp-content\/uploads\/2022\/07\/vestido-de-novia-con-plumas.jpg",1000,1500,false],"trp-custom-language-flag":["https:\/\/bellonez.com\/wp-content\/uploads\/2022\/07\/vestido-de-novia-con-plumas.jpg",8,12,false],"woocommerce_thumbnail":["https:\/\/bellonez.com\/wp-content\/uploads\/2022\/07\/vestido-de-novia-con-plumas-300x300.jpg",300,300,true],"woocommerce_single":["https:\/\/bellonez.com\/wp-content\/uploads\/2022\/07\/vestido-de-novia-con-plumas-600x900.jpg",600,900,true],"woocommerce_gallery_thumbnail":["https:\/\/bellonez.com\/wp-content\/uploads\/2022\/07\/vestido-de-novia-con-plumas-100x100.jpg",100,100,true],"shop_magnifier":["https:\/\/bellonez.com\/wp-content\/uploads\/2022\/07\/vestido-de-novia-con-plumas-600x600.jpg",600,600,true]},"uagb_author_info":{"display_name":"Bellonez","author_link":"https:\/\/bellonez.com\/en\/author\/"},"uagb_comment_info":0,"uagb_excerpt":"Este llamativo dise\u00f1o de vestido de novia corto con cuello alto, hombreras y manga larga es perfecto para aquellas novias que no quieren pasar desapercibidas. Derrocha elegancia y glamour. El corte se ajusta a tu silueta a la perfecci\u00f3n. El movimiento de las plumas rematadas con pedrer\u00eda de cristal hace que a\u00fan sea m\u00e1s especial.&hellip;","_links":{"self":[{"href":"https:\/\/bellonez.com\/en\/wp-json\/wp\/v2\/product\/1591","targetHints":{"allow":["GET"]}}],"collection":[{"href":"https:\/\/bellonez.com\/en\/wp-json\/wp\/v2\/product"}],"about":[{"href":"https:\/\/bellonez.com\/en\/wp-json\/wp\/v2\/types\/product"}],"wp:featuredmedia":[{"embeddable":true,"href":"https:\/\/bellonez.com\/en\/wp-json\/wp\/v2\/media\/1947"}],"wp:attachment":[{"href":"https:\/\/bellonez.com\/en\/wp-json\/wp\/v2\/media?parent=1591"}],"wp:term":[{"taxonomy":"product_brand","embeddable":true,"href":"https:\/\/bellonez.com\/en\/wp-json\/wp\/v2\/product_brand?post=1591"},{"taxonomy":"product_cat","embeddable":true,"href":"https:\/\/bellonez.com\/en\/wp-json\/wp\/v2\/product_cat?post=1591"},{"taxonomy":"product_tag","embeddable":true,"href":"https:\/\/bellonez.com\/en\/wp-json\/wp\/v2\/product_tag?post=1591"},{"taxonomy":"giftcard-category","embeddable":true,"href":"https:\/\/bellonez.com\/en\/wp-json\/wp\/v2\/giftcard-category?post=1591"}],"curies":[{"name":"wp","href":"https:\/\/api.w.org\/{rel}","templated":true}]}}