{"id":1589,"date":"2022-07-06T14:57:46","date_gmt":"2022-07-06T14:57:46","guid":{"rendered":"https:\/\/bellonez.com\/?post_type=product&#038;p=1589"},"modified":"2023-02-14T11:29:01","modified_gmt":"2023-02-14T11:29:01","slug":"top-blanco-para-novia-pedreria","status":"publish","type":"product","link":"https:\/\/bellonez.com\/en\/product\/top-blanco-para-novia-pedreria\/","title":{"rendered":"White bridal top with crystal rhinestones"},"content":{"rendered":"<p class=\"translation-block\">\u2022 White bridal top with crystal beading on the shoulder.<br>\n\u2022 Double elastic Crepe.<br>\n\u2022 94% LP.<br>\n\u2022 6% Elastane.<br>\n\u2022 Side jewel zip closure.<br>\n\u2022 False back closure with lined buttons.<br>\n\u2022 Fully lined to avoid transparencies. Soft touch to the skin.<br>\n\u2022 Hand wash.<br>\n<strong>\u2022 Top created in Spain in our atelier.<\/strong><br>\n\u2022 All our garments are prepared to be adjusted by a professional dressmaker.<br>\n\u2022 Marisol is 1.73 and wears a size 36.<\/p>","protected":false},"excerpt":{"rendered":"<p class=\"translation-block\">This simple and elegant white sleeveless bridal top is the ideal base for endless looks. The sophisticated beading on one shoulder makes it more special and as if that were not enough, the draped back elevates the design to the maximum. Get a modern bridal look by combining it with a mini skirt, tailored trousers or a long skirt in the same tone.<br>\n<strong>And after the wedding?<\/strong> You won't want to part with him because with jeans and stilettos they look phenomenal.<\/p>","protected":false},"featured_media":1903,"template":"","meta":{"_uag_custom_page_level_css":"","_mi_skip_tracking":false,"site-sidebar-layout":"default","site-content-layout":"default","ast-global-header-display":"","ast-main-header-display":"","ast-hfb-above-header-display":"","ast-hfb-below-header-display":"","ast-hfb-mobile-header-display":"","site-post-title":"","ast-breadcrumbs-content":"","ast-featured-img":"","footer-sml-layout":"","theme-transparent-header-meta":"default","adv-header-id-meta":"","stick-header-meta":"default","header-above-stick-meta":"","header-main-stick-meta":"","header-below-stick-meta":""},"product_brand":[],"product_cat":[29],"product_tag":[],"giftcard-category":[],"class_list":{"0":"post-1589","1":"product","2":"type-product","3":"status-publish","4":"has-post-thumbnail","6":"product_cat-vestidos-de-novia","7":"desktop-align-left","8":"tablet-align-left","9":"mobile-align-left","10":"ast-product-gallery-layout-vertical","11":"ast-product-single-variable","12":"ast-product-tabs-layout-horizontal","13":"ast-qv-on-image","15":"first","16":"instock","17":"taxable","18":"shipping-taxable","19":"purchasable","20":"product-type-variable"},"uagb_featured_image_src":{"full":["https:\/\/bellonez.com\/wp-content\/uploads\/2022\/07\/top-pedreria.jpg",1000,1471,false],"thumbnail":["https:\/\/bellonez.com\/wp-content\/uploads\/2022\/07\/top-pedreria.jpg",102,150,false],"medium":["https:\/\/bellonez.com\/wp-content\/uploads\/2022\/07\/top-pedreria.jpg",204,300,false],"medium_large":["https:\/\/bellonez.com\/wp-content\/uploads\/2022\/07\/top-pedreria.jpg",768,1130,false],"large":["https:\/\/bellonez.com\/wp-content\/uploads\/2022\/07\/top-pedreria.jpg",696,1024,false],"1536x1536":["https:\/\/bellonez.com\/wp-content\/uploads\/2022\/07\/top-pedreria.jpg",1000,1471,false],"2048x2048":["https:\/\/bellonez.com\/wp-content\/uploads\/2022\/07\/top-pedreria.jpg",1000,1471,false],"trp-custom-language-flag":["https:\/\/bellonez.com\/wp-content\/uploads\/2022\/07\/top-pedreria.jpg",8,12,false],"woocommerce_thumbnail":["https:\/\/bellonez.com\/wp-content\/uploads\/2022\/07\/top-pedreria-300x300.jpg",300,300,true],"woocommerce_single":["https:\/\/bellonez.com\/wp-content\/uploads\/2022\/07\/top-pedreria-600x883.jpg",600,883,true],"woocommerce_gallery_thumbnail":["https:\/\/bellonez.com\/wp-content\/uploads\/2022\/07\/top-pedreria-100x100.jpg",100,100,true],"shop_magnifier":["https:\/\/bellonez.com\/wp-content\/uploads\/2022\/07\/top-pedreria.jpg",408,600,false]},"uagb_author_info":{"display_name":"Bellonez","author_link":"https:\/\/bellonez.com\/en\/author\/"},"uagb_comment_info":0,"uagb_excerpt":"Este sencillo y elegante top blanco para novia sin mangas es la base ideal para un sin fin de looks. La sofisticada pedrer\u00eda en un hombro hace lo haga m\u00e1s especial y por si fuera poco la espalda drapeada eleva el dise\u00f1o a lo m\u00e1ximo. Consigue un look de novia moderna combin\u00e1ndolo con una mini&hellip;","_links":{"self":[{"href":"https:\/\/bellonez.com\/en\/wp-json\/wp\/v2\/product\/1589","targetHints":{"allow":["GET"]}}],"collection":[{"href":"https:\/\/bellonez.com\/en\/wp-json\/wp\/v2\/product"}],"about":[{"href":"https:\/\/bellonez.com\/en\/wp-json\/wp\/v2\/types\/product"}],"wp:featuredmedia":[{"embeddable":true,"href":"https:\/\/bellonez.com\/en\/wp-json\/wp\/v2\/media\/1903"}],"wp:attachment":[{"href":"https:\/\/bellonez.com\/en\/wp-json\/wp\/v2\/media?parent=1589"}],"wp:term":[{"taxonomy":"product_brand","embeddable":true,"href":"https:\/\/bellonez.com\/en\/wp-json\/wp\/v2\/product_brand?post=1589"},{"taxonomy":"product_cat","embeddable":true,"href":"https:\/\/bellonez.com\/en\/wp-json\/wp\/v2\/product_cat?post=1589"},{"taxonomy":"product_tag","embeddable":true,"href":"https:\/\/bellonez.com\/en\/wp-json\/wp\/v2\/product_tag?post=1589"},{"taxonomy":"giftcard-category","embeddable":true,"href":"https:\/\/bellonez.com\/en\/wp-json\/wp\/v2\/giftcard-category?post=1589"}],"curies":[{"name":"wp","href":"https:\/\/api.w.org\/{rel}","templated":true}]}}