{"id":1587,"date":"2022-07-06T14:56:17","date_gmt":"2022-07-06T14:56:17","guid":{"rendered":"https:\/\/bellonez.com\/?post_type=product&#038;p=1587"},"modified":"2023-02-14T11:38:20","modified_gmt":"2023-02-14T11:38:20","slug":"vestido-midi-flecos-cristal","status":"publish","type":"product","link":"https:\/\/bellonez.com\/en\/product\/vestido-midi-flecos-cristal\/","title":{"rendered":"Long-sleeved midi dress with crystal fringes"},"content":{"rendered":"<p class=\"translation-block\">\u2022 Red long-sleeved midi dress.<br>\n\u2022 Crystal fringe detail on sleeves.<br>\n\u2022 Double elastic Crepe.<br>\n\u2022 94% LP.<br>\n\u2022 6% Elastane.<br>\n\u2022 Golden zipper closure on the back.<br>\n\u2022 Fully lined to avoid transparencies. Soft touch to the skin.<br>\n\u2022 Hand wash.<br>\n<strong>\u2022 Dress created in Spain in our atelier.<\/strong><br>\n\u2022 All our garments are prepared to be adjusted by a professional dressmaker.<br>\n\u2022 Marisol is 1.73 and wears a size 36.<\/p>","protected":false},"excerpt":{"rendered":"<p class=\"translation-block\">This midi dress is ideal for all kinds of events, both for a wedding at night and during the day for a cocktail party. The luxurious stretch crepe hugs your figure perfectly. <strong>It is very comfortable to wear<\/strong>.<\/p>\n<p>The sleeves are so striking that the garment does not need many accessories, so bet on simplicity. Wear it with heeled sandals or stilettos.<\/p>","protected":false},"featured_media":1893,"template":"","meta":{"_uag_custom_page_level_css":"","_mi_skip_tracking":false,"site-sidebar-layout":"default","site-content-layout":"default","ast-global-header-display":"","ast-main-header-display":"","ast-hfb-above-header-display":"","ast-hfb-below-header-display":"","ast-hfb-mobile-header-display":"","site-post-title":"","ast-breadcrumbs-content":"","ast-featured-img":"","footer-sml-layout":"","theme-transparent-header-meta":"default","adv-header-id-meta":"","stick-header-meta":"default","header-above-stick-meta":"","header-main-stick-meta":"","header-below-stick-meta":""},"product_brand":[],"product_cat":[18],"product_tag":[],"giftcard-category":[],"class_list":{"0":"post-1587","1":"product","2":"type-product","3":"status-publish","4":"has-post-thumbnail","6":"product_cat-vestidos-invitada-boda","7":"desktop-align-left","8":"tablet-align-left","9":"mobile-align-left","10":"ast-product-gallery-layout-vertical","11":"ast-product-single-variable","12":"ast-product-tabs-layout-horizontal","13":"ast-qv-on-image","15":"first","16":"instock","17":"taxable","18":"shipping-taxable","19":"purchasable","20":"product-type-variable"},"uagb_featured_image_src":{"full":["https:\/\/bellonez.com\/wp-content\/uploads\/2022\/07\/vestido-midi-rojo-flecos.jpg",1000,1408,false],"thumbnail":["https:\/\/bellonez.com\/wp-content\/uploads\/2022\/07\/vestido-midi-rojo-flecos.jpg",107,150,false],"medium":["https:\/\/bellonez.com\/wp-content\/uploads\/2022\/07\/vestido-midi-rojo-flecos.jpg",213,300,false],"medium_large":["https:\/\/bellonez.com\/wp-content\/uploads\/2022\/07\/vestido-midi-rojo-flecos.jpg",768,1081,false],"large":["https:\/\/bellonez.com\/wp-content\/uploads\/2022\/07\/vestido-midi-rojo-flecos.jpg",727,1024,false],"1536x1536":["https:\/\/bellonez.com\/wp-content\/uploads\/2022\/07\/vestido-midi-rojo-flecos.jpg",1000,1408,false],"2048x2048":["https:\/\/bellonez.com\/wp-content\/uploads\/2022\/07\/vestido-midi-rojo-flecos.jpg",1000,1408,false],"trp-custom-language-flag":["https:\/\/bellonez.com\/wp-content\/uploads\/2022\/07\/vestido-midi-rojo-flecos.jpg",9,12,false],"woocommerce_thumbnail":["https:\/\/bellonez.com\/wp-content\/uploads\/2022\/07\/vestido-midi-rojo-flecos-300x300.jpg",300,300,true],"woocommerce_single":["https:\/\/bellonez.com\/wp-content\/uploads\/2022\/07\/vestido-midi-rojo-flecos-600x845.jpg",600,845,true],"woocommerce_gallery_thumbnail":["https:\/\/bellonez.com\/wp-content\/uploads\/2022\/07\/vestido-midi-rojo-flecos-100x100.jpg",100,100,true],"shop_magnifier":["https:\/\/bellonez.com\/wp-content\/uploads\/2022\/07\/vestido-midi-rojo-flecos.jpg",426,600,false]},"uagb_author_info":{"display_name":"Bellonez","author_link":"https:\/\/bellonez.com\/en\/author\/"},"uagb_comment_info":0,"uagb_excerpt":"Este vestido midi resulta ideal para todo tipo de eventos, tanto para una boda de noche c\u00f3mo de d\u00eda para un c\u00f3ctel. El lujoso crepe el\u00e1stico se adapta perfectamente a tu figura. Resulta muy c\u00f3modo de llevar. Las mangas son tan llamativas que la prenda no necesita muchos accesorios, as\u00ed que apuesta por la sencillez.&hellip;","_links":{"self":[{"href":"https:\/\/bellonez.com\/en\/wp-json\/wp\/v2\/product\/1587","targetHints":{"allow":["GET"]}}],"collection":[{"href":"https:\/\/bellonez.com\/en\/wp-json\/wp\/v2\/product"}],"about":[{"href":"https:\/\/bellonez.com\/en\/wp-json\/wp\/v2\/types\/product"}],"wp:featuredmedia":[{"embeddable":true,"href":"https:\/\/bellonez.com\/en\/wp-json\/wp\/v2\/media\/1893"}],"wp:attachment":[{"href":"https:\/\/bellonez.com\/en\/wp-json\/wp\/v2\/media?parent=1587"}],"wp:term":[{"taxonomy":"product_brand","embeddable":true,"href":"https:\/\/bellonez.com\/en\/wp-json\/wp\/v2\/product_brand?post=1587"},{"taxonomy":"product_cat","embeddable":true,"href":"https:\/\/bellonez.com\/en\/wp-json\/wp\/v2\/product_cat?post=1587"},{"taxonomy":"product_tag","embeddable":true,"href":"https:\/\/bellonez.com\/en\/wp-json\/wp\/v2\/product_tag?post=1587"},{"taxonomy":"giftcard-category","embeddable":true,"href":"https:\/\/bellonez.com\/en\/wp-json\/wp\/v2\/giftcard-category?post=1587"}],"curies":[{"name":"wp","href":"https:\/\/api.w.org\/{rel}","templated":true}]}}