{"id":1585,"date":"2022-07-06T14:55:00","date_gmt":"2022-07-06T14:55:00","guid":{"rendered":"https:\/\/bellonez.com\/?post_type=product&#038;p=1585"},"modified":"2022-12-20T18:59:27","modified_gmt":"2022-12-20T18:59:27","slug":"pantalon-slim-fit-negro","status":"publish","type":"product","link":"https:\/\/bellonez.com\/en\/product\/pantalon-slim-fit-negro\/","title":{"rendered":"Slim fit black trousers in stretch crepe"},"content":{"rendered":"<p class=\"translation-block\">\u2022 Black slim fit pants.<br>\n\u2022 High waist.<br>\n\u2022 High quality double elastic crepe.<br>\n\u2022 94% LP.<br>\n\u2022 6% Elastane.<br>\n\u2022 Invisible zip closure on the side.<br>\n\u2022 Golden zippers on the legs for a perfect fit.<br>\n\u2022 Invisible hem sewn by hand.<br>\n\u2022 Hand wash.<br>\n<strong>\u2022 Trousers created in Spain in our atelier.<\/strong><br>\n\u2022 All our garments are prepared to be adjusted by a professional dressmaker.<br>\n\u2022 Paula is 1.70 and wears a size 36.<\/p>","protected":false},"excerpt":{"rendered":"<p class=\"translation-block\">These slim fit pants are undoubtedly a modern version of the typical tuxedo pants. The cut, despite being tight, is comfortable thanks to the elasticity of the fabric. In addition, the trim on the front <strong>stylizes your figure to the maximum <\/strong>. Opt for a black bustier to create a most daring and sophisticated look or combine it with our blazer to create an exquisite and luxurious outfit. Wear it with some high heels to elevate the style to 100%.<\/p>","protected":false},"featured_media":2016,"template":"","meta":{"_uag_custom_page_level_css":"","_mi_skip_tracking":false,"site-sidebar-layout":"default","site-content-layout":"default","ast-global-header-display":"","ast-main-header-display":"","ast-hfb-above-header-display":"","ast-hfb-below-header-display":"","ast-hfb-mobile-header-display":"","site-post-title":"","ast-breadcrumbs-content":"","ast-featured-img":"","footer-sml-layout":"","theme-transparent-header-meta":"default","adv-header-id-meta":"","stick-header-meta":"default","header-above-stick-meta":"","header-main-stick-meta":"","header-below-stick-meta":""},"product_brand":[],"product_cat":[27],"product_tag":[],"giftcard-category":[],"class_list":{"0":"post-1585","1":"product","2":"type-product","3":"status-publish","4":"has-post-thumbnail","6":"product_cat-pantalones","7":"desktop-align-left","8":"tablet-align-left","9":"mobile-align-left","10":"ast-product-gallery-layout-vertical","11":"ast-product-single-variable","12":"ast-product-tabs-layout-horizontal","13":"ast-qv-on-image","15":"first","16":"instock","17":"taxable","18":"shipping-taxable","19":"purchasable","20":"product-type-variable"},"uagb_featured_image_src":{"full":["https:\/\/bellonez.com\/wp-content\/uploads\/2022\/07\/pantalon-ajustado-negro.jpg",1000,1412,false],"thumbnail":["https:\/\/bellonez.com\/wp-content\/uploads\/2022\/07\/pantalon-ajustado-negro.jpg",106,150,false],"medium":["https:\/\/bellonez.com\/wp-content\/uploads\/2022\/07\/pantalon-ajustado-negro.jpg",212,300,false],"medium_large":["https:\/\/bellonez.com\/wp-content\/uploads\/2022\/07\/pantalon-ajustado-negro.jpg",768,1084,false],"large":["https:\/\/bellonez.com\/wp-content\/uploads\/2022\/07\/pantalon-ajustado-negro.jpg",725,1024,false],"1536x1536":["https:\/\/bellonez.com\/wp-content\/uploads\/2022\/07\/pantalon-ajustado-negro.jpg",1000,1412,false],"2048x2048":["https:\/\/bellonez.com\/wp-content\/uploads\/2022\/07\/pantalon-ajustado-negro.jpg",1000,1412,false],"trp-custom-language-flag":["https:\/\/bellonez.com\/wp-content\/uploads\/2022\/07\/pantalon-ajustado-negro.jpg",8,12,false],"woocommerce_thumbnail":["https:\/\/bellonez.com\/wp-content\/uploads\/2022\/07\/pantalon-ajustado-negro-300x300.jpg",300,300,true],"woocommerce_single":["https:\/\/bellonez.com\/wp-content\/uploads\/2022\/07\/pantalon-ajustado-negro-600x847.jpg",600,847,true],"woocommerce_gallery_thumbnail":["https:\/\/bellonez.com\/wp-content\/uploads\/2022\/07\/pantalon-ajustado-negro-100x100.jpg",100,100,true],"shop_magnifier":["https:\/\/bellonez.com\/wp-content\/uploads\/2022\/07\/pantalon-ajustado-negro.jpg",425,600,false]},"uagb_author_info":{"display_name":"Bellonez","author_link":"https:\/\/bellonez.com\/en\/author\/"},"uagb_comment_info":0,"uagb_excerpt":"Este pantal\u00f3n slim fit \u00a0es, sin duda una versi\u00f3n moderna del t\u00edpico pantal\u00f3n smoking. El corte, a pesar de ser ajustado, es c\u00f3modo gracias a la elasticidad del tejido. Adem\u00e1s el ribete en la parte delantera estiliza tu figura al m\u00e1ximo. Apuesta por un bustier negro para crear un look de lo m\u00e1s atrevido y&hellip;","_links":{"self":[{"href":"https:\/\/bellonez.com\/en\/wp-json\/wp\/v2\/product\/1585","targetHints":{"allow":["GET"]}}],"collection":[{"href":"https:\/\/bellonez.com\/en\/wp-json\/wp\/v2\/product"}],"about":[{"href":"https:\/\/bellonez.com\/en\/wp-json\/wp\/v2\/types\/product"}],"wp:featuredmedia":[{"embeddable":true,"href":"https:\/\/bellonez.com\/en\/wp-json\/wp\/v2\/media\/2016"}],"wp:attachment":[{"href":"https:\/\/bellonez.com\/en\/wp-json\/wp\/v2\/media?parent=1585"}],"wp:term":[{"taxonomy":"product_brand","embeddable":true,"href":"https:\/\/bellonez.com\/en\/wp-json\/wp\/v2\/product_brand?post=1585"},{"taxonomy":"product_cat","embeddable":true,"href":"https:\/\/bellonez.com\/en\/wp-json\/wp\/v2\/product_cat?post=1585"},{"taxonomy":"product_tag","embeddable":true,"href":"https:\/\/bellonez.com\/en\/wp-json\/wp\/v2\/product_tag?post=1585"},{"taxonomy":"giftcard-category","embeddable":true,"href":"https:\/\/bellonez.com\/en\/wp-json\/wp\/v2\/giftcard-category?post=1585"}],"curies":[{"name":"wp","href":"https:\/\/api.w.org\/{rel}","templated":true}]}}