{"id":1577,"date":"2022-07-06T14:48:05","date_gmt":"2022-07-06T14:48:05","guid":{"rendered":"https:\/\/bellonez.com\/?post_type=product&#038;p=1577"},"modified":"2023-02-02T10:57:23","modified_gmt":"2023-02-02T10:57:23","slug":"falda-novia-abertura-en-pierna","status":"publish","type":"product","link":"https:\/\/bellonez.com\/en\/product\/falda-novia-abertura-en-pierna\/","title":{"rendered":"Wedding skirt with leg opening"},"content":{"rendered":"<p class=\"translation-block\">\u2022 Bridal skirt with leg opening.<br>\n\u2022 High quality elastic double crepe.<br>\n\u2022 94% LP.<br>\n\u2022 6% Elastane.<br>\n\u2022 Invisible zip closure.<br>\n\u2022 Fully lined to avoid transparencies. Soft touch to the skin.<br>\n\u2022 Hand wash.<br>\n<strong>\u2022 Skirt created in Spain in our atelier.<\/strong><br>\n\u2022 All our garments are prepared to be adjusted by a professional dressmaker.<br>\n\u2022 Paula is 1.70 and wears a size 36.<\/p>","protected":false},"excerpt":{"rendered":"<p>This bridal skirt is so versatile that you can create a fantastic bridal look in a matter of seconds. The drape of the fabric together with the cut that fits your figure like a glove makes this garment very special. The opening on the leg gives it that point of sensuality that all looks need. Wear it with one of our tops and show off extra-shiny legs with heeled sandals.<\/p>\n<p><strong>And then? Dare to recycle it and have a professional dressmaker remove the tail and you will turn this garment into a white skirt from the bottom of your wardrobe that you can use on many more occasions.<\/strong><\/p>","protected":false},"featured_media":1962,"template":"","meta":{"_uag_custom_page_level_css":"","_mi_skip_tracking":false,"site-sidebar-layout":"default","site-content-layout":"default","ast-global-header-display":"","ast-main-header-display":"","ast-hfb-above-header-display":"","ast-hfb-below-header-display":"","ast-hfb-mobile-header-display":"","site-post-title":"","ast-breadcrumbs-content":"","ast-featured-img":"","footer-sml-layout":"","theme-transparent-header-meta":"default","adv-header-id-meta":"","stick-header-meta":"default","header-above-stick-meta":"","header-main-stick-meta":"","header-below-stick-meta":""},"product_brand":[],"product_cat":[29],"product_tag":[],"giftcard-category":[],"class_list":{"0":"post-1577","1":"product","2":"type-product","3":"status-publish","4":"has-post-thumbnail","6":"product_cat-vestidos-de-novia","7":"desktop-align-left","8":"tablet-align-left","9":"mobile-align-left","10":"ast-product-gallery-layout-vertical","11":"ast-product-single-variable","12":"ast-product-tabs-layout-horizontal","13":"ast-qv-on-image","15":"first","16":"instock","17":"taxable","18":"shipping-taxable","19":"purchasable","20":"product-type-variable"},"uagb_featured_image_src":{"full":["https:\/\/bellonez.com\/wp-content\/uploads\/2022\/07\/falda-novia-abertura-1.jpg",1000,1500,false],"thumbnail":["https:\/\/bellonez.com\/wp-content\/uploads\/2022\/07\/falda-novia-abertura-1.jpg",100,150,false],"medium":["https:\/\/bellonez.com\/wp-content\/uploads\/2022\/07\/falda-novia-abertura-1.jpg",200,300,false],"medium_large":["https:\/\/bellonez.com\/wp-content\/uploads\/2022\/07\/falda-novia-abertura-1.jpg",768,1152,false],"large":["https:\/\/bellonez.com\/wp-content\/uploads\/2022\/07\/falda-novia-abertura-1.jpg",683,1024,false],"1536x1536":["https:\/\/bellonez.com\/wp-content\/uploads\/2022\/07\/falda-novia-abertura-1.jpg",1000,1500,false],"2048x2048":["https:\/\/bellonez.com\/wp-content\/uploads\/2022\/07\/falda-novia-abertura-1.jpg",1000,1500,false],"trp-custom-language-flag":["https:\/\/bellonez.com\/wp-content\/uploads\/2022\/07\/falda-novia-abertura-1.jpg",8,12,false],"woocommerce_thumbnail":["https:\/\/bellonez.com\/wp-content\/uploads\/2022\/07\/falda-novia-abertura-1-300x300.jpg",300,300,true],"woocommerce_single":["https:\/\/bellonez.com\/wp-content\/uploads\/2022\/07\/falda-novia-abertura-1-600x900.jpg",600,900,true],"woocommerce_gallery_thumbnail":["https:\/\/bellonez.com\/wp-content\/uploads\/2022\/07\/falda-novia-abertura-1-100x100.jpg",100,100,true],"shop_magnifier":["https:\/\/bellonez.com\/wp-content\/uploads\/2022\/07\/falda-novia-abertura-1.jpg",400,600,false]},"uagb_author_info":{"display_name":"Bellonez","author_link":"https:\/\/bellonez.com\/en\/author\/"},"uagb_comment_info":0,"uagb_excerpt":"Esta falda novia es tan vers\u00e1til que podr\u00e1s crear un fant\u00e1stico look de novia en cuesti\u00f3n de segundos. La ca\u00edda del tejido junto con el corte que se adapta a tu figura como un guante hace que esta prenda sea muy especial. La abertura en la pierna le confiere ese punto de sensualidad que necesitan&hellip;","_links":{"self":[{"href":"https:\/\/bellonez.com\/en\/wp-json\/wp\/v2\/product\/1577","targetHints":{"allow":["GET"]}}],"collection":[{"href":"https:\/\/bellonez.com\/en\/wp-json\/wp\/v2\/product"}],"about":[{"href":"https:\/\/bellonez.com\/en\/wp-json\/wp\/v2\/types\/product"}],"wp:featuredmedia":[{"embeddable":true,"href":"https:\/\/bellonez.com\/en\/wp-json\/wp\/v2\/media\/1962"}],"wp:attachment":[{"href":"https:\/\/bellonez.com\/en\/wp-json\/wp\/v2\/media?parent=1577"}],"wp:term":[{"taxonomy":"product_brand","embeddable":true,"href":"https:\/\/bellonez.com\/en\/wp-json\/wp\/v2\/product_brand?post=1577"},{"taxonomy":"product_cat","embeddable":true,"href":"https:\/\/bellonez.com\/en\/wp-json\/wp\/v2\/product_cat?post=1577"},{"taxonomy":"product_tag","embeddable":true,"href":"https:\/\/bellonez.com\/en\/wp-json\/wp\/v2\/product_tag?post=1577"},{"taxonomy":"giftcard-category","embeddable":true,"href":"https:\/\/bellonez.com\/en\/wp-json\/wp\/v2\/giftcard-category?post=1577"}],"curies":[{"name":"wp","href":"https:\/\/api.w.org\/{rel}","templated":true}]}}