{"id":2386,"date":"2022-12-14T19:01:52","date_gmt":"2022-12-14T19:01:52","guid":{"rendered":"https:\/\/bellonez.com\/?page_id=2386"},"modified":"2022-12-17T19:28:33","modified_gmt":"2022-12-17T19:28:33","slug":"conjunto-dos-piezas","status":"publish","type":"page","link":"https:\/\/bellonez.com\/en\/conjunto-dos-piezas\/","title":{"rendered":"Two pieces"},"content":{"rendered":"<div class=\"wp-block-uagb-advanced-heading uagb-block-0dfb510c\"><h1 class=\"uagb-heading-text\">Two pieces<\/h1><\/div>\n\n\n<div id=\"ywcps_layout3\" class=\"general_container woocommerce\" >\n\t<h3><\/h3>\t<div class=\"ywcps-wrapper\"  data-n_items=\"3\" data-is_loop=\"true\" data-pag_speed=\"800\" data-auto_play=\"5000\" data-stop_hov=\"false\" data-show_nav=\"true\" data-is_rtl=\"false\" data-anim_in=\"\" data-anim_out=\"\" data-anim_speed=\"450\" data-show_dot_nav=\"false\" data-en_responsive=\"false\" data-n_item_desk_small=\"4\" data-n_item_tablet=\"2\" data-n_item_mobile=\"1\" data-slide_by=\"1\"  >\n\t\t<div class=\"ywcps-slider\" style=\"visibility: hidden;\">\n\t\t<ul class=\"ywcps-products products owl-carousel ywcps_layout3\"  >\n\t\t\t\t\t<li class=\"single_product product\">\n\t\t\t\t<div class=\"single_product_container product-wrapper\">\n\t\t\t\t\t\n<div class=\"yith-wcwl-add-to-wishlist add-to-wishlist-1581  wishlist-fragment on-first-load\" data-fragment-ref=\"1581\" data-fragment-options=\"{&quot;base_url&quot;:&quot;&quot;,&quot;in_default_wishlist&quot;:false,&quot;is_single&quot;:false,&quot;show_exists&quot;:true,&quot;product_id&quot;:1581,&quot;parent_product_id&quot;:1581,&quot;product_type&quot;:&quot;variable&quot;,&quot;show_view&quot;:false,&quot;browse_wishlist_text&quot;:&quot;&quot;,&quot;already_in_wishslist_text&quot;:&quot;&quot;,&quot;product_added_text&quot;:&quot;\\u00a1Producto a\\u00f1adido!&quot;,&quot;heading_icon&quot;:&quot;fa-heart-o&quot;,&quot;available_multi_wishlist&quot;:false,&quot;disable_wishlist&quot;:false,&quot;show_count&quot;:false,&quot;ajax_loading&quot;:false,&quot;loop_position&quot;:&quot;before_image&quot;,&quot;product_image&quot;:&quot;&quot;,&quot;label_popup&quot;:&quot;A\\u00f1adir a la Lista de deseos&quot;,&quot;add_to_wishlist_modal&quot;:&quot;yes&quot;,&quot;item&quot;:&quot;add_to_wishlist&quot;}\">\n\t<\/div> \t\t\t\t\t<div class=\"product_img\">\n\t\t\t\t\t\t\t\t\t\t\t\t<a href=\"https:\/\/bellonez.com\/en\/product\/top-negro-cadenas-brillantes\/\" ><img decoding=\"async\" width=\"400\" height=\"600\" src=\"https:\/\/bellonez.com\/wp-content\/uploads\/2022\/07\/top-cristales-negro.jpg\" class=\"attachment-ywcps_image_size size-ywcps_image_size wp-post-image\" alt=\"top negro flecos\" srcset=\"https:\/\/bellonez.com\/wp-content\/uploads\/2022\/07\/top-cristales-negro.jpg 1000w, https:\/\/bellonez.com\/wp-content\/uploads\/2022\/07\/top-cristales-negro-600x900.jpg 600w\" sizes=\"(max-width: 400px) 100vw, 400px\" \/><\/a>\n\t\t\t\t\t<\/div>\n\t\t\t\t\t<div class=\"product_other_info\">\n\t\t\t\t\t\t<div class=\"product_name\">\n\t\t\t\t\t\t\t\t\t\t\t\t\t<a href=\"https:\/\/bellonez.com\/en\/product\/top-negro-cadenas-brillantes\/\" >Black top with crystal fringes<\/a>\n\t\t\t\t\t\t\t\t\t\t\t\t\t\t\t\t\t\t\t\t\t\t<div class=\"product_price\"><span class=\"woocommerce-Price-amount amount\"><bdi>290,00&nbsp;<span class=\"woocommerce-Price-currencySymbol\">&euro;<\/span><\/bdi><\/span><\/div>\n\t\t\t\t\t\t\t\t\t\t\t\t\t\t<\/div>\n\t\t\t\t\t\t<a rel=\"nofollow\" data-product_id=\"1581\" data-product_sku=\"\" class=\"button product_type_variable add_to_cart_button product_add_to_cart\" href=\"https:\/\/bellonez.com\/en\/product\/top-negro-cadenas-brillantes\/\">+ Select options<\/a>\t\t\t\t\t<\/div>\n\t\t\t\t<\/div>\n\t\t\t<\/li>\n\t\t\t\t\t\t\t\t\t\t<li class=\"single_product product\">\n\t\t\t\t<div class=\"single_product_container product-wrapper\">\n\t\t\t\t\t\n<div class=\"yith-wcwl-add-to-wishlist add-to-wishlist-1583  wishlist-fragment on-first-load\" data-fragment-ref=\"1583\" data-fragment-options=\"{&quot;base_url&quot;:&quot;&quot;,&quot;in_default_wishlist&quot;:false,&quot;is_single&quot;:false,&quot;show_exists&quot;:true,&quot;product_id&quot;:1583,&quot;parent_product_id&quot;:1583,&quot;product_type&quot;:&quot;variable&quot;,&quot;show_view&quot;:false,&quot;browse_wishlist_text&quot;:&quot;&quot;,&quot;already_in_wishslist_text&quot;:&quot;&quot;,&quot;product_added_text&quot;:&quot;\\u00a1Producto a\\u00f1adido!&quot;,&quot;heading_icon&quot;:&quot;fa-heart-o&quot;,&quot;available_multi_wishlist&quot;:false,&quot;disable_wishlist&quot;:false,&quot;show_count&quot;:false,&quot;ajax_loading&quot;:false,&quot;loop_position&quot;:&quot;before_image&quot;,&quot;product_image&quot;:&quot;&quot;,&quot;label_popup&quot;:&quot;A\\u00f1adir a la Lista de deseos&quot;,&quot;add_to_wishlist_modal&quot;:&quot;yes&quot;,&quot;item&quot;:&quot;add_to_wishlist&quot;}\">\n\t<\/div> \t\t\t\t\t<div class=\"product_img\">\n\t\t\t\t\t\t\t\t\t\t\t\t<a href=\"https:\/\/bellonez.com\/en\/product\/falda-lapiz\/\" ><img decoding=\"async\" width=\"405\" height=\"600\" src=\"https:\/\/bellonez.com\/wp-content\/uploads\/2022\/07\/falda-negra-bellonez.jpg\" class=\"attachment-ywcps_image_size size-ywcps_image_size wp-post-image\" alt=\"falda negra l\u00e1piz\" srcset=\"https:\/\/bellonez.com\/wp-content\/uploads\/2022\/07\/falda-negra-bellonez.jpg 1000w, https:\/\/bellonez.com\/wp-content\/uploads\/2022\/07\/falda-negra-bellonez-600x889.jpg 600w\" sizes=\"(max-width: 405px) 100vw, 405px\" \/><\/a>\n\t\t\t\t\t<\/div>\n\t\t\t\t\t<div class=\"product_other_info\">\n\t\t\t\t\t\t<div class=\"product_name\">\n\t\t\t\t\t\t\t\t\t\t\t\t\t<a href=\"https:\/\/bellonez.com\/en\/product\/falda-lapiz\/\" >Black pencil skirt<\/a>\n\t\t\t\t\t\t\t\t\t\t\t\t\t\t\t\t\t\t\t\t\t\t<div class=\"product_price\"><span class=\"woocommerce-Price-amount amount\"><bdi>190,00&nbsp;<span class=\"woocommerce-Price-currencySymbol\">&euro;<\/span><\/bdi><\/span><\/div>\n\t\t\t\t\t\t\t\t\t\t\t\t\t\t<\/div>\n\t\t\t\t\t\t<a rel=\"nofollow\" data-product_id=\"1583\" data-product_sku=\"\" class=\"button product_type_variable add_to_cart_button product_add_to_cart\" href=\"https:\/\/bellonez.com\/en\/product\/falda-lapiz\/\">+ Select options<\/a>\t\t\t\t\t<\/div>\n\t\t\t\t<\/div>\n\t\t\t<\/li>\n\t\t\t\t\t\t\t\t\t\t<li class=\"single_product product\">\n\t\t\t\t<div class=\"single_product_container product-wrapper\">\n\t\t\t\t\t\n<div class=\"yith-wcwl-add-to-wishlist add-to-wishlist-2028  wishlist-fragment on-first-load\" data-fragment-ref=\"2028\" data-fragment-options=\"{&quot;base_url&quot;:&quot;&quot;,&quot;in_default_wishlist&quot;:false,&quot;is_single&quot;:false,&quot;show_exists&quot;:true,&quot;product_id&quot;:2028,&quot;parent_product_id&quot;:2028,&quot;product_type&quot;:&quot;variable&quot;,&quot;show_view&quot;:false,&quot;browse_wishlist_text&quot;:&quot;&quot;,&quot;already_in_wishslist_text&quot;:&quot;&quot;,&quot;product_added_text&quot;:&quot;\\u00a1Producto a\\u00f1adido!&quot;,&quot;heading_icon&quot;:&quot;fa-heart-o&quot;,&quot;available_multi_wishlist&quot;:false,&quot;disable_wishlist&quot;:false,&quot;show_count&quot;:false,&quot;ajax_loading&quot;:false,&quot;loop_position&quot;:&quot;before_image&quot;,&quot;product_image&quot;:&quot;&quot;,&quot;label_popup&quot;:&quot;A\\u00f1adir a la Lista de deseos&quot;,&quot;add_to_wishlist_modal&quot;:&quot;yes&quot;,&quot;item&quot;:&quot;add_to_wishlist&quot;}\">\n\t<\/div> \t\t\t\t\t<div class=\"product_img\">\n\t\t\t\t\t\t\t\t\t\t\t\t<a href=\"https:\/\/bellonez.com\/en\/product\/blazer-cuello-smoking\/\" ><img decoding=\"async\" width=\"425\" height=\"600\" src=\"https:\/\/bellonez.com\/wp-content\/uploads\/2022\/11\/blazer-negra.jpg\" class=\"attachment-ywcps_image_size size-ywcps_image_size wp-post-image\" alt=\"blazer cuello smoking negra\" srcset=\"https:\/\/bellonez.com\/wp-content\/uploads\/2022\/11\/blazer-negra.jpg 1000w, https:\/\/bellonez.com\/wp-content\/uploads\/2022\/11\/blazer-negra-600x847.jpg 600w\" sizes=\"(max-width: 425px) 100vw, 425px\" \/><\/a>\n\t\t\t\t\t<\/div>\n\t\t\t\t\t<div class=\"product_other_info\">\n\t\t\t\t\t\t<div class=\"product_name\">\n\t\t\t\t\t\t\t\t\t\t\t\t\t<a href=\"https:\/\/bellonez.com\/en\/product\/blazer-cuello-smoking\/\" >Smoking Blazer<\/a>\n\t\t\t\t\t\t\t\t\t\t\t\t\t\t\t\t\t\t\t\t\t\t<div class=\"product_price\"><span class=\"woocommerce-Price-amount amount\"><bdi>390,00&nbsp;<span class=\"woocommerce-Price-currencySymbol\">&euro;<\/span><\/bdi><\/span><\/div>\n\t\t\t\t\t\t\t\t\t\t\t\t\t\t<\/div>\n\t\t\t\t\t\t<a rel=\"nofollow\" data-product_id=\"2028\" data-product_sku=\"\" class=\"button product_type_variable add_to_cart_button product_add_to_cart\" href=\"https:\/\/bellonez.com\/en\/product\/blazer-cuello-smoking\/\">+ Select options<\/a>\t\t\t\t\t<\/div>\n\t\t\t\t<\/div>\n\t\t\t<\/li>\n\t\t\t\t\t\t\t\t\t\t<li class=\"single_product product\">\n\t\t\t\t<div class=\"single_product_container product-wrapper\">\n\t\t\t\t\t\n<div class=\"yith-wcwl-add-to-wishlist add-to-wishlist-1609  wishlist-fragment on-first-load\" data-fragment-ref=\"1609\" data-fragment-options=\"{&quot;base_url&quot;:&quot;&quot;,&quot;in_default_wishlist&quot;:false,&quot;is_single&quot;:false,&quot;show_exists&quot;:true,&quot;product_id&quot;:1609,&quot;parent_product_id&quot;:1609,&quot;product_type&quot;:&quot;variable&quot;,&quot;show_view&quot;:false,&quot;browse_wishlist_text&quot;:&quot;&quot;,&quot;already_in_wishslist_text&quot;:&quot;&quot;,&quot;product_added_text&quot;:&quot;\\u00a1Producto a\\u00f1adido!&quot;,&quot;heading_icon&quot;:&quot;fa-heart-o&quot;,&quot;available_multi_wishlist&quot;:false,&quot;disable_wishlist&quot;:false,&quot;show_count&quot;:false,&quot;ajax_loading&quot;:false,&quot;loop_position&quot;:&quot;before_image&quot;,&quot;product_image&quot;:&quot;&quot;,&quot;label_popup&quot;:&quot;A\\u00f1adir a la Lista de deseos&quot;,&quot;add_to_wishlist_modal&quot;:&quot;yes&quot;,&quot;item&quot;:&quot;add_to_wishlist&quot;}\">\n\t<\/div> \t\t\t\t\t<div class=\"product_img\">\n\t\t\t\t\t\t\t\t\t\t\t\t<a href=\"https:\/\/bellonez.com\/en\/product\/top-manga-larga-y-hombreras\/\" ><img decoding=\"async\" width=\"400\" height=\"600\" src=\"https:\/\/bellonez.com\/wp-content\/uploads\/2022\/07\/bellonez.jpg\" class=\"attachment-ywcps_image_size size-ywcps_image_size wp-post-image\" alt=\"falda l\u00e1piz negra\" srcset=\"https:\/\/bellonez.com\/wp-content\/uploads\/2022\/07\/bellonez.jpg 1000w, https:\/\/bellonez.com\/wp-content\/uploads\/2022\/07\/bellonez-600x900.jpg 600w, https:\/\/bellonez.com\/wp-content\/uploads\/2022\/07\/bellonez-200x300.jpg 200w, https:\/\/bellonez.com\/wp-content\/uploads\/2022\/07\/bellonez-683x1024.jpg 683w, https:\/\/bellonez.com\/wp-content\/uploads\/2022\/07\/bellonez-768x1152.jpg 768w\" sizes=\"(max-width: 400px) 100vw, 400px\" \/><\/a>\n\t\t\t\t\t<\/div>\n\t\t\t\t\t<div class=\"product_other_info\">\n\t\t\t\t\t\t<div class=\"product_name\">\n\t\t\t\t\t\t\t\t\t\t\t\t\t<a href=\"https:\/\/bellonez.com\/en\/product\/top-manga-larga-y-hombreras\/\" >Black long-sleeved top with black shoulder pads<\/a>\n\t\t\t\t\t\t\t\t\t\t\t\t\t\t\t\t\t\t\t\t\t\t<div class=\"product_price\"><span class=\"woocommerce-Price-amount amount\"><bdi>250,00&nbsp;<span class=\"woocommerce-Price-currencySymbol\">&euro;<\/span><\/bdi><\/span><\/div>\n\t\t\t\t\t\t\t\t\t\t\t\t\t\t<\/div>\n\t\t\t\t\t\t<a rel=\"nofollow\" data-product_id=\"1609\" data-product_sku=\"\" class=\"button product_type_variable add_to_cart_button product_add_to_cart\" href=\"https:\/\/bellonez.com\/en\/product\/top-manga-larga-y-hombreras\/\">+ Select options<\/a>\t\t\t\t\t<\/div>\n\t\t\t\t<\/div>\n\t\t\t<\/li>\n\t\t\t\t\t\t\t\t\t\t<li class=\"single_product product\">\n\t\t\t\t<div class=\"single_product_container product-wrapper\">\n\t\t\t\t\t\n<div class=\"yith-wcwl-add-to-wishlist add-to-wishlist-1585  wishlist-fragment on-first-load\" data-fragment-ref=\"1585\" data-fragment-options=\"{&quot;base_url&quot;:&quot;&quot;,&quot;in_default_wishlist&quot;:false,&quot;is_single&quot;:false,&quot;show_exists&quot;:true,&quot;product_id&quot;:1585,&quot;parent_product_id&quot;:1585,&quot;product_type&quot;:&quot;variable&quot;,&quot;show_view&quot;:false,&quot;browse_wishlist_text&quot;:&quot;&quot;,&quot;already_in_wishslist_text&quot;:&quot;&quot;,&quot;product_added_text&quot;:&quot;\\u00a1Producto a\\u00f1adido!&quot;,&quot;heading_icon&quot;:&quot;fa-heart-o&quot;,&quot;available_multi_wishlist&quot;:false,&quot;disable_wishlist&quot;:false,&quot;show_count&quot;:false,&quot;ajax_loading&quot;:false,&quot;loop_position&quot;:&quot;before_image&quot;,&quot;product_image&quot;:&quot;&quot;,&quot;label_popup&quot;:&quot;A\\u00f1adir a la Lista de deseos&quot;,&quot;add_to_wishlist_modal&quot;:&quot;yes&quot;,&quot;item&quot;:&quot;add_to_wishlist&quot;}\">\n\t<\/div> \t\t\t\t\t<div class=\"product_img\">\n\t\t\t\t\t\t\t\t\t\t\t\t<a href=\"https:\/\/bellonez.com\/en\/product\/pantalon-slim-fit-negro\/\" ><img decoding=\"async\" width=\"425\" height=\"600\" src=\"https:\/\/bellonez.com\/wp-content\/uploads\/2022\/07\/pantalon-ajustado-negro.jpg\" class=\"attachment-ywcps_image_size size-ywcps_image_size wp-post-image\" alt=\"pantalon slim fit negro\" srcset=\"https:\/\/bellonez.com\/wp-content\/uploads\/2022\/07\/pantalon-ajustado-negro.jpg 1000w, https:\/\/bellonez.com\/wp-content\/uploads\/2022\/07\/pantalon-ajustado-negro-600x847.jpg 600w\" sizes=\"(max-width: 425px) 100vw, 425px\" \/><\/a>\n\t\t\t\t\t<\/div>\n\t\t\t\t\t<div class=\"product_other_info\">\n\t\t\t\t\t\t<div class=\"product_name\">\n\t\t\t\t\t\t\t\t\t\t\t\t\t<a href=\"https:\/\/bellonez.com\/en\/product\/pantalon-slim-fit-negro\/\" >Slim fit black trousers in stretch crepe<\/a>\n\t\t\t\t\t\t\t\t\t\t\t\t\t\t\t\t\t\t\t\t\t\t<div class=\"product_price\"><span class=\"woocommerce-Price-amount amount\"><bdi>190,00&nbsp;<span class=\"woocommerce-Price-currencySymbol\">&euro;<\/span><\/bdi><\/span><\/div>\n\t\t\t\t\t\t\t\t\t\t\t\t\t\t<\/div>\n\t\t\t\t\t\t<a rel=\"nofollow\" data-product_id=\"1585\" data-product_sku=\"\" class=\"button product_type_variable add_to_cart_button product_add_to_cart\" href=\"https:\/\/bellonez.com\/en\/product\/pantalon-slim-fit-negro\/\">+ Select options<\/a>\t\t\t\t\t<\/div>\n\t\t\t\t<\/div>\n\t\t\t<\/li>\n\t\t\t\t\t\t\t\t\t\t<li class=\"single_product product\">\n\t\t\t\t<div class=\"single_product_container product-wrapper\">\n\t\t\t\t\t\n<div class=\"yith-wcwl-add-to-wishlist add-to-wishlist-1601  wishlist-fragment on-first-load\" data-fragment-ref=\"1601\" data-fragment-options=\"{&quot;base_url&quot;:&quot;&quot;,&quot;in_default_wishlist&quot;:false,&quot;is_single&quot;:false,&quot;show_exists&quot;:true,&quot;product_id&quot;:1601,&quot;parent_product_id&quot;:1601,&quot;product_type&quot;:&quot;variable&quot;,&quot;show_view&quot;:false,&quot;browse_wishlist_text&quot;:&quot;&quot;,&quot;already_in_wishslist_text&quot;:&quot;&quot;,&quot;product_added_text&quot;:&quot;\\u00a1Producto a\\u00f1adido!&quot;,&quot;heading_icon&quot;:&quot;fa-heart-o&quot;,&quot;available_multi_wishlist&quot;:false,&quot;disable_wishlist&quot;:false,&quot;show_count&quot;:false,&quot;ajax_loading&quot;:false,&quot;loop_position&quot;:&quot;before_image&quot;,&quot;product_image&quot;:&quot;&quot;,&quot;label_popup&quot;:&quot;A\\u00f1adir a la Lista de deseos&quot;,&quot;add_to_wishlist_modal&quot;:&quot;yes&quot;,&quot;item&quot;:&quot;add_to_wishlist&quot;}\">\n\t<\/div> \t\t\t\t\t<div class=\"product_img\">\n\t\t\t\t\t\t\t\t\t\t\t\t<a href=\"https:\/\/bellonez.com\/en\/product\/pantalon-palazzo-negro\/\" ><img decoding=\"async\" width=\"430\" height=\"600\" src=\"https:\/\/bellonez.com\/wp-content\/uploads\/2022\/07\/mono-negro-bellonez-1.jpg\" class=\"attachment-ywcps_image_size size-ywcps_image_size wp-post-image\" alt=\"mono negro bellonez\" srcset=\"https:\/\/bellonez.com\/wp-content\/uploads\/2022\/07\/mono-negro-bellonez-1.jpg 1000w, https:\/\/bellonez.com\/wp-content\/uploads\/2022\/07\/mono-negro-bellonez-1-600x838.jpg 600w\" sizes=\"(max-width: 430px) 100vw, 430px\" \/><\/a>\n\t\t\t\t\t<\/div>\n\t\t\t\t\t<div class=\"product_other_info\">\n\t\t\t\t\t\t<div class=\"product_name\">\n\t\t\t\t\t\t\t\t\t\t\t\t\t<a href=\"https:\/\/bellonez.com\/en\/product\/pantalon-palazzo-negro\/\" >Black deluxe Palazzo trousers<\/a>\n\t\t\t\t\t\t\t\t\t\t\t\t\t\t\t\t\t\t\t\t\t\t<div class=\"product_price\"><span class=\"woocommerce-Price-amount amount\"><bdi>230,00&nbsp;<span class=\"woocommerce-Price-currencySymbol\">&euro;<\/span><\/bdi><\/span><\/div>\n\t\t\t\t\t\t\t\t\t\t\t\t\t\t<\/div>\n\t\t\t\t\t\t<a rel=\"nofollow\" data-product_id=\"1601\" data-product_sku=\"\" class=\"button product_type_variable add_to_cart_button product_add_to_cart\" href=\"https:\/\/bellonez.com\/en\/product\/pantalon-palazzo-negro\/\">+ Select options<\/a>\t\t\t\t\t<\/div>\n\t\t\t\t<\/div>\n\t\t\t<\/li>\n\t\t\t\t\t\t\t\t\t\t<li class=\"single_product product\">\n\t\t\t\t<div class=\"single_product_container product-wrapper\">\n\t\t\t\t\t\n<div class=\"yith-wcwl-add-to-wishlist add-to-wishlist-1605  wishlist-fragment on-first-load\" data-fragment-ref=\"1605\" data-fragment-options=\"{&quot;base_url&quot;:&quot;&quot;,&quot;in_default_wishlist&quot;:false,&quot;is_single&quot;:false,&quot;show_exists&quot;:true,&quot;product_id&quot;:1605,&quot;parent_product_id&quot;:1605,&quot;product_type&quot;:&quot;variable&quot;,&quot;show_view&quot;:false,&quot;browse_wishlist_text&quot;:&quot;&quot;,&quot;already_in_wishslist_text&quot;:&quot;&quot;,&quot;product_added_text&quot;:&quot;\\u00a1Producto a\\u00f1adido!&quot;,&quot;heading_icon&quot;:&quot;fa-heart-o&quot;,&quot;available_multi_wishlist&quot;:false,&quot;disable_wishlist&quot;:false,&quot;show_count&quot;:false,&quot;ajax_loading&quot;:false,&quot;loop_position&quot;:&quot;before_image&quot;,&quot;product_image&quot;:&quot;&quot;,&quot;label_popup&quot;:&quot;A\\u00f1adir a la Lista de deseos&quot;,&quot;add_to_wishlist_modal&quot;:&quot;yes&quot;,&quot;item&quot;:&quot;add_to_wishlist&quot;}\">\n\t<\/div> \t\t\t\t\t<div class=\"product_img\">\n\t\t\t\t\t\t\t\t\t\t\t\t<a href=\"https:\/\/bellonez.com\/en\/product\/top-negro-de-fiesta\/\" ><img decoding=\"async\" width=\"400\" height=\"600\" src=\"https:\/\/bellonez.com\/wp-content\/uploads\/2022\/07\/top-negro.jpg\" class=\"attachment-ywcps_image_size size-ywcps_image_size wp-post-image\" alt=\"Top negro de fiesta\" srcset=\"https:\/\/bellonez.com\/wp-content\/uploads\/2022\/07\/top-negro.jpg 1000w, https:\/\/bellonez.com\/wp-content\/uploads\/2022\/07\/top-negro-600x900.jpg 600w\" sizes=\"(max-width: 400px) 100vw, 400px\" \/><\/a>\n\t\t\t\t\t<\/div>\n\t\t\t\t\t<div class=\"product_other_info\">\n\t\t\t\t\t\t<div class=\"product_name\">\n\t\t\t\t\t\t\t\t\t\t\t\t\t<a href=\"https:\/\/bellonez.com\/en\/product\/top-negro-de-fiesta\/\" >Black bustier<\/a>\n\t\t\t\t\t\t\t\t\t\t\t\t\t\t\t\t\t\t\t\t\t\t<div class=\"product_price\"><span class=\"woocommerce-Price-amount amount\"><bdi>230,00&nbsp;<span class=\"woocommerce-Price-currencySymbol\">&euro;<\/span><\/bdi><\/span><\/div>\n\t\t\t\t\t\t\t\t\t\t\t\t\t\t<\/div>\n\t\t\t\t\t\t<a rel=\"nofollow\" data-product_id=\"1605\" data-product_sku=\"\" class=\"button product_type_variable add_to_cart_button product_add_to_cart\" href=\"https:\/\/bellonez.com\/en\/product\/top-negro-de-fiesta\/\">+ Select options<\/a>\t\t\t\t\t<\/div>\n\t\t\t\t<\/div>\n\t\t\t<\/li>\n\t\t\t\t\t\t\t\t\t\t<li class=\"single_product product\">\n\t\t\t\t<div class=\"single_product_container product-wrapper\">\n\t\t\t\t\t\n<div class=\"yith-wcwl-add-to-wishlist add-to-wishlist-1597  wishlist-fragment on-first-load\" data-fragment-ref=\"1597\" data-fragment-options=\"{&quot;base_url&quot;:&quot;&quot;,&quot;in_default_wishlist&quot;:false,&quot;is_single&quot;:false,&quot;show_exists&quot;:true,&quot;product_id&quot;:1597,&quot;parent_product_id&quot;:1597,&quot;product_type&quot;:&quot;variable&quot;,&quot;show_view&quot;:false,&quot;browse_wishlist_text&quot;:&quot;&quot;,&quot;already_in_wishslist_text&quot;:&quot;&quot;,&quot;product_added_text&quot;:&quot;\\u00a1Producto a\\u00f1adido!&quot;,&quot;heading_icon&quot;:&quot;fa-heart-o&quot;,&quot;available_multi_wishlist&quot;:false,&quot;disable_wishlist&quot;:false,&quot;show_count&quot;:false,&quot;ajax_loading&quot;:false,&quot;loop_position&quot;:&quot;before_image&quot;,&quot;product_image&quot;:&quot;&quot;,&quot;label_popup&quot;:&quot;A\\u00f1adir a la Lista de deseos&quot;,&quot;add_to_wishlist_modal&quot;:&quot;yes&quot;,&quot;item&quot;:&quot;add_to_wishlist&quot;}\">\n\t<\/div> \t\t\t\t\t<div class=\"product_img\">\n\t\t\t\t\t\t\t\t\t\t\t\t<a href=\"https:\/\/bellonez.com\/en\/product\/falda-negra-de-lentejuelas\/\" ><img decoding=\"async\" width=\"405\" height=\"600\" src=\"https:\/\/bellonez.com\/wp-content\/uploads\/2022\/07\/falda-pailletes.jpg\" class=\"attachment-ywcps_image_size size-ywcps_image_size wp-post-image\" alt=\"Falda negra de lentejuelas con abertura\" srcset=\"https:\/\/bellonez.com\/wp-content\/uploads\/2022\/07\/falda-pailletes.jpg 1000w, https:\/\/bellonez.com\/wp-content\/uploads\/2022\/07\/falda-pailletes-600x888.jpg 600w\" sizes=\"(max-width: 405px) 100vw, 405px\" \/><\/a>\n\t\t\t\t\t<\/div>\n\t\t\t\t\t<div class=\"product_other_info\">\n\t\t\t\t\t\t<div class=\"product_name\">\n\t\t\t\t\t\t\t\t\t\t\t\t\t<a href=\"https:\/\/bellonez.com\/en\/product\/falda-negra-de-lentejuelas\/\" >Black sequin skirt with slit<\/a>\n\t\t\t\t\t\t\t\t\t\t\t\t\t\t\t\t\t\t\t\t\t\t<div class=\"product_price\"><span class=\"woocommerce-Price-amount amount\"><bdi>490,00&nbsp;<span class=\"woocommerce-Price-currencySymbol\">&euro;<\/span><\/bdi><\/span><\/div>\n\t\t\t\t\t\t\t\t\t\t\t\t\t\t<\/div>\n\t\t\t\t\t\t<a rel=\"nofollow\" data-product_id=\"1597\" data-product_sku=\"\" class=\"button product_type_variable add_to_cart_button product_add_to_cart\" href=\"https:\/\/bellonez.com\/en\/product\/falda-negra-de-lentejuelas\/\">+ Select options<\/a>\t\t\t\t\t<\/div>\n\t\t\t\t<\/div>\n\t\t\t<\/li>\n\t\t\t\t\t\t\t\t\t<\/ul>\n\t\t<\/div>\n\t\t<div class=\"ywcps-nav\" id=\"nav_tmp3\">\n\t\t\t<div id=\"nav_prev_2387\" class=\"ywcps-nav-prev\">\n\t\t\t\t<span id=\"prev_tmp3\" class=\"fa fa-chevron-left\"><\/span>\n\t\t\t<\/div>\n\t\t\t<div id=\"nav_next_2387\" class=\"ywcps-nav-next\">\n\t\t\t<span id=\"next_tmp3\" class=\"fa fa-chevron-right\"><\/span>\n\t\t<\/div>\n\t\t<\/div>\n\t<\/div>\n<\/div>\n\t\t\t\n\n\n\n<p><\/p>\n\n\n\n<p>Los conjuntos de dos piezas son una de las alternativas m\u00e1s sostenibles. Dale rienda suelta a tu imaginaci\u00f3n y crea desde looks de lo m\u00e1s sofisticados y elegantes a looks informales y originales. Tanto para eventos de d\u00eda como de noche. Renueva tu fondo de armario con estos b\u00e1sicos que se convertir\u00e1n en tu mejor arma para ahorrar tiempo y quebraderos de cabeza. <\/p>","protected":false},"excerpt":{"rendered":"<p>Conjunto dos piezas Los conjuntos de dos piezas son una de las alternativas m\u00e1s sostenibles. Dale rienda suelta a tu imaginaci\u00f3n y crea desde looks de lo m\u00e1s sofisticados y elegantes a looks informales y originales. Tanto para eventos de d\u00eda como de noche. Renueva tu fondo de armario con estos b\u00e1sicos que se convertir\u00e1n &hellip;<\/p>\n<p class=\"read-more\"> <a class=\"\" href=\"https:\/\/bellonez.com\/en\/conjunto-dos-piezas\/\"> <span class=\"screen-reader-text\">Two pieces<\/span> Read More \u00bb<\/a><\/p>","protected":false},"author":1,"featured_media":0,"parent":0,"menu_order":0,"comment_status":"closed","ping_status":"closed","template":"","meta":{"_uag_custom_page_level_css":"","_mi_skip_tracking":false,"site-sidebar-layout":"default","site-content-layout":"default","ast-global-header-display":"","ast-main-header-display":"","ast-hfb-above-header-display":"","ast-hfb-below-header-display":"","ast-hfb-mobile-header-display":"","site-post-title":"disabled","ast-breadcrumbs-content":"","ast-featured-img":"","footer-sml-layout":"","theme-transparent-header-meta":"","adv-header-id-meta":"","stick-header-meta":"","header-above-stick-meta":"","header-main-stick-meta":"","header-below-stick-meta":"","footnotes":""},"class_list":["post-2386","page","type-page","status-publish","hentry"],"uagb_featured_image_src":{"full":false,"thumbnail":false,"medium":false,"medium_large":false,"large":false,"1536x1536":false,"2048x2048":false,"trp-custom-language-flag":false,"woocommerce_thumbnail":false,"woocommerce_single":false,"woocommerce_gallery_thumbnail":false,"shop_magnifier":false,"ywcps_image_size":false},"uagb_author_info":{"display_name":"Bellonez","author_link":"https:\/\/bellonez.com\/en\/author\/bellonez\/"},"uagb_comment_info":0,"uagb_excerpt":"Conjunto dos piezas Los conjuntos de dos piezas son una de las alternativas m\u00e1s sostenibles. Dale rienda suelta a tu imaginaci\u00f3n y crea desde looks de lo m\u00e1s sofisticados y elegantes a looks informales y originales. Tanto para eventos de d\u00eda como de noche. Renueva tu fondo de armario con estos b\u00e1sicos que se convertir\u00e1n&hellip;","_links":{"self":[{"href":"https:\/\/bellonez.com\/en\/wp-json\/wp\/v2\/pages\/2386","targetHints":{"allow":["GET"]}}],"collection":[{"href":"https:\/\/bellonez.com\/en\/wp-json\/wp\/v2\/pages"}],"about":[{"href":"https:\/\/bellonez.com\/en\/wp-json\/wp\/v2\/types\/page"}],"author":[{"embeddable":true,"href":"https:\/\/bellonez.com\/en\/wp-json\/wp\/v2\/users\/1"}],"replies":[{"embeddable":true,"href":"https:\/\/bellonez.com\/en\/wp-json\/wp\/v2\/comments?post=2386"}],"version-history":[{"count":0,"href":"https:\/\/bellonez.com\/en\/wp-json\/wp\/v2\/pages\/2386\/revisions"}],"wp:attachment":[{"href":"https:\/\/bellonez.com\/en\/wp-json\/wp\/v2\/media?parent=2386"}],"curies":[{"name":"wp","href":"https:\/\/api.w.org\/{rel}","templated":true}]}}