{"id":1007,"date":"2021-10-11T05:03:43","date_gmt":"2021-10-11T05:03:43","guid":{"rendered":"https:\/\/bellonez.com\/home\/"},"modified":"2022-12-17T19:33:19","modified_gmt":"2022-12-17T19:33:19","slug":"home","status":"publish","type":"page","link":"https:\/\/bellonez.com\/en\/home\/","title":{"rendered":"home antigua"},"content":{"rendered":"<div class=\"inherit-container-width wp-block-group alignfull is-layout-constrained wp-block-group-is-layout-constrained\"><div class=\"wp-block-group__inner-container\">\n<div class=\"inherit-container-width wp-block-group alignfull is-layout-constrained wp-block-group-is-layout-constrained\"><div class=\"wp-block-group__inner-container\">\n<div class=\"wp-block-cover alignfull\"><span aria-hidden=\"true\" class=\"wp-block-cover__background has-background-dim-0 has-background-dim\"><\/span><img decoding=\"async\" width=\"1707\" height=\"2560\" class=\"wp-block-cover__image-background wp-image-2081\" alt=\"vestidos de invitada\" src=\"https:\/\/bellonez.com\/wp-content\/uploads\/2022\/11\/IMG_5300-scaled.jpg\" style=\"object-position:47% 3%\" data-object-fit=\"cover\" data-object-position=\"47% 3%\" srcset=\"https:\/\/bellonez.com\/wp-content\/uploads\/2022\/11\/IMG_5300-scaled.jpg 1707w, https:\/\/bellonez.com\/wp-content\/uploads\/2022\/11\/IMG_5300-scaled-600x900.jpg 600w\" sizes=\"(max-width: 1707px) 100vw, 1707px\" \/><div class=\"wp-block-cover__inner-container is-layout-flow wp-block-cover-is-layout-flow\">\n<p class=\"has-text-align-center has-large-font-size\"><\/p>\n<\/div><\/div>\n<\/div><\/div>\n<\/div><\/div>\n\n\n\n<div class=\"inherit-container-width wp-block-group alignfull has-ast-global-color-4-background-color has-background is-layout-constrained wp-block-group-is-layout-constrained\"><div class=\"wp-block-group__inner-container\"><\/div><\/div>\n\n\n\n<div class=\"inherit-container-width wp-block-group alignfull has-ast-global-color-5-background-color has-background is-layout-constrained wp-block-group-is-layout-constrained\"><div class=\"wp-block-group__inner-container\">\n<div class=\"wp-block-columns is-layout-flex wp-container-core-columns-is-layout-28f84493 wp-block-columns-is-layout-flex\">\n<div class=\"wp-block-column is-layout-flow wp-block-column-is-layout-flow\">\n<figure class=\"wp-block-image size-large\"><img decoding=\"async\" src=\"https:\/\/bellonez.com\/wp-content\/uploads\/2022\/07\/top-negro-683x1024.jpg\" alt=\"Bustier negro brillantes\" class=\"wp-image-1991\"\/><\/figure>\n\n\n\n<h2 class=\"has-text-align-center wp-block-heading\"><a href=\"https:\/\/bellonez.com\/en\/new-arrivals\/\">Made in Spain<\/a><\/h2>\n<\/div>\n\n\n\n<div class=\"wp-block-column is-layout-flow wp-block-column-is-layout-flow\">\n<figure class=\"wp-block-image size-large\"><img decoding=\"async\" width=\"683\" height=\"1024\" src=\"https:\/\/bellonez.com\/wp-content\/uploads\/2022\/08\/top-plumas-pedreria-683x1024.jpg\" alt=\"top de plumas blanco\" class=\"wp-image-1937\" srcset=\"https:\/\/bellonez.com\/wp-content\/uploads\/2022\/08\/top-plumas-pedreria-683x1024.jpg 683w, https:\/\/bellonez.com\/wp-content\/uploads\/2022\/08\/top-plumas-pedreria-600x900.jpg 600w, https:\/\/bellonez.com\/wp-content\/uploads\/2022\/08\/top-plumas-pedreria-200x300.jpg 200w, https:\/\/bellonez.com\/wp-content\/uploads\/2022\/08\/top-plumas-pedreria-768x1152.jpg 768w, https:\/\/bellonez.com\/wp-content\/uploads\/2022\/08\/top-plumas-pedreria.jpg 1000w\" sizes=\"(max-width: 683px) 100vw, 683px\" \/><\/figure>\n\n\n\n<h2 class=\"has-text-align-center wp-block-heading\"><a href=\"https:\/\/bellonez.com\/en\/vestidos-de-novia\/\" data-type=\"URL\" data-id=\"https:\/\/bellonez.com\/vestidos-de-novia\/\">BRIDAL DRESS<\/a><\/h2>\n<\/div>\n<\/div>\n<\/div><\/div>\n\n\n\n<div class=\"inherit-container-width wp-block-group alignfull has-background is-layout-constrained wp-block-group-is-layout-constrained\" style=\"background-color:#171717\"><div class=\"wp-block-group__inner-container\">\n<div class=\"wp-block-columns alignwide is-layout-flex wp-container-core-columns-is-layout-28f84493 wp-block-columns-is-layout-flex\">\n<div class=\"wp-block-column is-layout-flow wp-block-column-is-layout-flow\" style=\"flex-basis:30%\">\n<h1 class=\"has-text-color wp-block-heading\" style=\"color:#ffffff\">\u00bfSabes c\u00f3mo cuidar tus prendas?<\/h1>\n\n\n\n<p class=\"has-text-color\" style=\"color:#d7d7d7\">Es importante conocer c\u00f3mo debemos de cuidar nuestra ropa, no s\u00f3lo para alargar la vida de nuestras prendas, tambi\u00e9n para aportar nuestro granito de arena en la mejora del planeta. Porque no hay un planeta B.<\/p>\n<\/div>\n\n\n\n<div class=\"wp-block-column is-layout-flow wp-block-column-is-layout-flow\" style=\"flex-basis:10%\"><\/div>\n\n\n\n<div class=\"wp-block-column is-layout-flow wp-block-column-is-layout-flow\" style=\"flex-basis:30%\">\n<h3 class=\"has-text-color wp-block-heading\" style=\"color:#ffffff\"><i class=\"fas fa-hand-sparkles\"><\/i> Lavar a mano<\/h3>\n\n\n\n<p class=\"has-text-color\" style=\"color:#d7d7d7\">Lo m\u00e1s recomendable es lavar a mano con agua fr\u00eda, con detergentes sin  qu\u00edmicos y con mucho cuidado.<\/p>\n\n\n\n<h3 class=\"has-text-color wp-block-heading\" style=\"color:#ffffff\"><i class=\"fas fa-shirt\"><\/i> Planchado<\/h3>\n\n\n\n<p class=\"has-text-color\" style=\"color:#d7d7d7\">Plancha con mucho cuidado, del rev\u00e9s y con un pa\u00f1o de por medio. La temperatura adecuada  es menos de 120\u00ba.<\/p>\n<\/div>\n\n\n\n<div class=\"wp-block-column is-layout-flow wp-block-column-is-layout-flow\" style=\"flex-basis:30%\">\n<h3 class=\"has-text-color wp-block-heading\" style=\"color:#ffffff\"><i class=\"fas fa-umbrella-beach\"><\/i> Secar la ropa<\/h3>\n\n\n\n<p class=\"has-text-color\" style=\"color:#d7d7d7\">Lo mejor es que seques tu ropa del rev\u00e9s y en la sombra. \u00a1No uses secadora!<\/p>\n\n\n\n<h3 class=\"has-text-color wp-block-heading\" style=\"color:#ffffff\"><i class=\"fas fa-palette\"><\/i> Da rienda suelta a tu imaginaci\u00f3n<\/h3>\n\n\n\n<p class=\"has-text-color\" style=\"color:#d7d7d7\">Usa tus prendas de mil maneras. Cambia de complementos y transforma tu ropa. Sin duda es una de las mejores propuestas sostenibles.<\/p>\n<\/div>\n<\/div>\n<\/div><\/div>","protected":false},"excerpt":{"rendered":"<p>Made in Spain Vestidos de novia \u00bfSabes c\u00f3mo cuidar tus prendas? Es importante conocer c\u00f3mo debemos de cuidar nuestra ropa, no s\u00f3lo para alargar la vida de nuestras prendas, tambi\u00e9n para aportar nuestro granito de arena en la mejora del planeta. Porque no hay un planeta B. Lavar a mano Lo m\u00e1s recomendable es lavar &hellip;<\/p>\n<p class=\"read-more\"> <a class=\"\" href=\"https:\/\/bellonez.com\/en\/home\/\"> <span class=\"screen-reader-text\">home antigua<\/span> Read More \u00bb<\/a><\/p>","protected":false},"author":1,"featured_media":0,"parent":0,"menu_order":0,"comment_status":"closed","ping_status":"closed","template":"","meta":{"_uag_custom_page_level_css":"","_mi_skip_tracking":false,"site-sidebar-layout":"no-sidebar","site-content-layout":"plain-container","ast-global-header-display":"","ast-main-header-display":"","ast-hfb-above-header-display":"","ast-hfb-below-header-display":"","ast-hfb-mobile-header-display":"","site-post-title":"disabled","ast-breadcrumbs-content":"","ast-featured-img":"disabled","footer-sml-layout":"","theme-transparent-header-meta":"default","adv-header-id-meta":"","stick-header-meta":"","header-above-stick-meta":"","header-main-stick-meta":"","header-below-stick-meta":"","footnotes":""},"class_list":["post-1007","page","type-page","status-publish","hentry"],"uagb_featured_image_src":{"full":false,"thumbnail":false,"medium":false,"medium_large":false,"large":false,"1536x1536":false,"2048x2048":false,"trp-custom-language-flag":false,"woocommerce_thumbnail":false,"woocommerce_single":false,"woocommerce_gallery_thumbnail":false,"shop_magnifier":false},"uagb_author_info":{"display_name":"Bellonez","author_link":"https:\/\/bellonez.com\/en\/author\/bellonez\/"},"uagb_comment_info":0,"uagb_excerpt":"Made in Spain Vestidos de novia \u00bfSabes c\u00f3mo cuidar tus prendas? Es importante conocer c\u00f3mo debemos de cuidar nuestra ropa, no s\u00f3lo para alargar la vida de nuestras prendas, tambi\u00e9n para aportar nuestro granito de arena en la mejora del planeta. Porque no hay un planeta B. Lavar a mano Lo m\u00e1s recomendable es lavar&hellip;","_links":{"self":[{"href":"https:\/\/bellonez.com\/en\/wp-json\/wp\/v2\/pages\/1007","targetHints":{"allow":["GET"]}}],"collection":[{"href":"https:\/\/bellonez.com\/en\/wp-json\/wp\/v2\/pages"}],"about":[{"href":"https:\/\/bellonez.com\/en\/wp-json\/wp\/v2\/types\/page"}],"author":[{"embeddable":true,"href":"https:\/\/bellonez.com\/en\/wp-json\/wp\/v2\/users\/1"}],"replies":[{"embeddable":true,"href":"https:\/\/bellonez.com\/en\/wp-json\/wp\/v2\/comments?post=1007"}],"version-history":[{"count":0,"href":"https:\/\/bellonez.com\/en\/wp-json\/wp\/v2\/pages\/1007\/revisions"}],"wp:attachment":[{"href":"https:\/\/bellonez.com\/en\/wp-json\/wp\/v2\/media?parent=1007"}],"curies":[{"name":"wp","href":"https:\/\/api.w.org\/{rel}","templated":true}]}}